{"id":69,"date":"2023-09-13T19:58:27","date_gmt":"2023-09-13T19:58:27","guid":{"rendered":"https:\/\/imhotepacademy.ci\/?page_id=69"},"modified":"2024-07-22T22:35:21","modified_gmt":"2024-07-22T22:35:21","slug":"contacts","status":"publish","type":"page","link":"https:\/\/imhotepacademy.ci\/index.php\/contacts\/","title":{"rendered":"CONTACTS"},"content":{"rendered":"\t\t<div data-elementor-type=\"wp-page\" data-elementor-id=\"69\" class=\"elementor elementor-69\">\n\t\t\t\t\t\t<section class=\"elementor-section elementor-top-section elementor-element elementor-element-3b068679 elementor-section-full_width elementor-section-height-min-height ct-section-stretched elementor-section-height-default elementor-section-items-middle\" data-id=\"3b068679\" data-element_type=\"section\" data-e-type=\"section\" data-settings=\"{&quot;background_background&quot;:&quot;classic&quot;}\">\n\t\t\t\t\t\t\t<div class=\"elementor-background-overlay\"><\/div>\n\t\t\t\t\t\t\t<div class=\"elementor-container elementor-column-gap-default\">\n\t\t\t\t\t<div class=\"elementor-column elementor-col-100 elementor-top-column elementor-element elementor-element-79cef9ee\" data-id=\"79cef9ee\" data-element_type=\"column\" data-e-type=\"column\">\n\t\t\t<div class=\"elementor-widget-wrap elementor-element-populated\">\n\t\t\t\t\t\t<div class=\"elementor-element elementor-element-24bb2c71 elementor-widget elementor-widget-heading\" data-id=\"24bb2c71\" data-element_type=\"widget\" data-e-type=\"widget\" data-widget_type=\"heading.default\">\n\t\t\t\t<div class=\"elementor-widget-container\">\n\t\t\t\t\t<h2 class=\"elementor-heading-title elementor-size-default\">CONTACT<\/h2>\t\t\t\t<\/div>\n\t\t\t\t<\/div>\n\t\t\t\t\t<\/div>\n\t\t<\/div>\n\t\t\t\t\t<\/div>\n\t\t<\/section>\n\t\t<div class=\"elementor-element elementor-element-e0863b9 e-flex e-con-boxed e-con e-parent\" data-id=\"e0863b9\" data-element_type=\"container\" data-e-type=\"container\">\n\t\t\t\t\t<div class=\"e-con-inner\">\n\t\t<div class=\"elementor-element elementor-element-edf15a8 e-con-full e-flex e-con e-child\" data-id=\"edf15a8\" data-element_type=\"container\" data-e-type=\"container\">\n\t\t\t\t<div class=\"elementor-element elementor-element-efc7e5c elementor-widget elementor-widget-heading\" data-id=\"efc7e5c\" data-element_type=\"widget\" data-e-type=\"widget\" data-widget_type=\"heading.default\">\n\t\t\t\t<div class=\"elementor-widget-container\">\n\t\t\t\t\t<h2 class=\"elementor-heading-title elementor-size-default\">Nos contacts<\/h2>\t\t\t\t<\/div>\n\t\t\t\t<\/div>\n\t\t\t\t<div class=\"elementor-element elementor-element-f5647de elementor-icon-list--layout-traditional elementor-list-item-link-full_width elementor-widget elementor-widget-icon-list\" data-id=\"f5647de\" data-element_type=\"widget\" data-e-type=\"widget\" data-widget_type=\"icon-list.default\">\n\t\t\t\t<div class=\"elementor-widget-container\">\n\t\t\t\t\t\t\t<ul class=\"elementor-icon-list-items\">\n\t\t\t\t\t\t\t<li class=\"elementor-icon-list-item\">\n\t\t\t\t\t\t\t\t\t\t\t<span class=\"elementor-icon-list-icon\">\n\t\t\t\t\t\t\t<i aria-hidden=\"true\" class=\"fas fa-phone-alt\"><\/i>\t\t\t\t\t\t<\/span>\n\t\t\t\t\t\t\t\t\t\t<span class=\"elementor-icon-list-text\">+225 27 22 50 69 96<\/span>\n\t\t\t\t\t\t\t\t\t<\/li>\n\t\t\t\t\t\t\t\t<li class=\"elementor-icon-list-item\">\n\t\t\t\t\t\t\t\t\t\t\t<span class=\"elementor-icon-list-icon\">\n\t\t\t\t\t\t\t<i aria-hidden=\"true\" class=\"fas fa-mobile-alt\"><\/i>\t\t\t\t\t\t<\/span>\n\t\t\t\t\t\t\t\t\t\t<span class=\"elementor-icon-list-text\">+225 07 59 81 48 64<\/span>\n\t\t\t\t\t\t\t\t\t<\/li>\n\t\t\t\t\t\t\t\t<li class=\"elementor-icon-list-item\">\n\t\t\t\t\t\t\t\t\t\t\t<span class=\"elementor-icon-list-icon\">\n\t\t\t\t\t\t\t<i aria-hidden=\"true\" class=\"fab fa-whatsapp\"><\/i>\t\t\t\t\t\t<\/span>\n\t\t\t\t\t\t\t\t\t\t<span class=\"elementor-icon-list-text\">+225 07 59 81 48 64<\/span>\n\t\t\t\t\t\t\t\t\t<\/li>\n\t\t\t\t\t\t\t\t<li class=\"elementor-icon-list-item\">\n\t\t\t\t\t\t\t\t\t\t\t<span class=\"elementor-icon-list-icon\">\n\t\t\t\t\t\t\t<i aria-hidden=\"true\" class=\"fas fa-mail-bulk\"><\/i>\t\t\t\t\t\t<\/span>\n\t\t\t\t\t\t\t\t\t\t<span class=\"elementor-icon-list-text\">info@imhotepacademy.ci<\/span>\n\t\t\t\t\t\t\t\t\t<\/li>\n\t\t\t\t\t\t\t\t<li class=\"elementor-icon-list-item\">\n\t\t\t\t\t\t\t\t\t\t\t<span class=\"elementor-icon-list-icon\">\n\t\t\t\t\t\t\t<i aria-hidden=\"true\" class=\"fas fa-map-marker-alt\"><\/i>\t\t\t\t\t\t<\/span>\n\t\t\t\t\t\t\t\t\t\t<span class=\"elementor-icon-list-text\">Abidjan, cocody angr\u00e9 7\u00e8me tranche entre le carrefour Bluetooth et le stade d'angr\u00e9<\/span>\n\t\t\t\t\t\t\t\t\t<\/li>\n\t\t\t\t\t\t<\/ul>\n\t\t\t\t\t\t<\/div>\n\t\t\t\t<\/div>\n\t\t\t\t<\/div>\n\t\t<div class=\"elementor-element elementor-element-de24e28 e-con-full e-flex e-con e-child\" data-id=\"de24e28\" data-element_type=\"container\" data-e-type=\"container\">\n\t\t\t\t<div class=\"elementor-element elementor-element-e48bfdc elementor-widget elementor-widget-heading\" data-id=\"e48bfdc\" data-element_type=\"widget\" data-e-type=\"widget\" data-widget_type=\"heading.default\">\n\t\t\t\t<div class=\"elementor-widget-container\">\n\t\t\t\t\t<h2 class=\"elementor-heading-title elementor-size-default\">Laissez nous un message.<\/h2>\t\t\t\t<\/div>\n\t\t\t\t<\/div>\n\t\t\t\t<div class=\"elementor-element elementor-element-f588a19 elementor-widget elementor-widget-shortcode\" data-id=\"f588a19\" data-element_type=\"widget\" data-e-type=\"widget\" data-widget_type=\"shortcode.default\">\n\t\t\t\t<div class=\"elementor-widget-container\">\n\t\t\t\t\t\t\t<div class=\"elementor-shortcode\"><div class=\"forminator-ui forminator-custom-form forminator-custom-form-407 forminator-design--default  forminator_ajax\" data-forminator-render=\"0\" data-form=\"forminator-module-407\" data-uid=\"6a005c0c0a534\"><br\/><\/div><form\n\t\t\t\tid=\"forminator-module-407\"\n\t\t\t\tclass=\"forminator-ui forminator-custom-form forminator-custom-form-407 forminator-design--default  forminator_ajax\"\n\t\t\t\tmethod=\"post\"\n\t\t\t\tdata-forminator-render=\"0\"\n\t\t\t\tdata-form-id=\"407\"\n\t\t\t\t data-color-option=\"default\" data-design=\"default\" data-grid=\"open\" style=\"display: none;\"\n\t\t\t\tdata-uid=\"6a005c0c0a534\"\n\t\t\t><div role=\"alert\" aria-live=\"polite\" class=\"forminator-response-message forminator-error\" aria-hidden=\"true\"><\/div><div class=\"forminator-row\"><div id=\"name-1\" class=\"forminator-field-name forminator-col forminator-col-12 \"><div class=\"forminator-field\"><label for=\"forminator-field-name-1_6a005c0c0a534\" id=\"forminator-field-name-1_6a005c0c0a534-label\" class=\"forminator-label\">Nom et Pr\u00e9nom <span class=\"forminator-required\">*<\/span><\/label><input type=\"text\" name=\"name-1\" value=\"\" placeholder=\"Par exemple\u00a0: Jean\" id=\"forminator-field-name-1_6a005c0c0a534\" class=\"forminator-input forminator-name--field\" aria-required=\"true\" autocomplete=\"name\" \/><\/div><\/div><\/div><div class=\"forminator-row\"><div id=\"email-1\" class=\"forminator-field-email forminator-col forminator-col-12 \"><div class=\"forminator-field\"><label for=\"forminator-field-email-1_6a005c0c0a534\" id=\"forminator-field-email-1_6a005c0c0a534-label\" class=\"forminator-label\">Adresse de messagerie <span class=\"forminator-required\">*<\/span><\/label><input type=\"email\" name=\"email-1\" value=\"\" placeholder=\"Par exemple\u00a0: jacques@martin.com\" id=\"forminator-field-email-1_6a005c0c0a534\" class=\"forminator-input forminator-email--field\" data-required=\"true\" aria-required=\"true\" autocomplete=\"email\" \/><\/div><\/div><\/div><div class=\"forminator-row\"><div id=\"phone-1\" class=\"forminator-field-phone forminator-col forminator-col-12 \"><div class=\"forminator-field\"><label for=\"forminator-field-phone-1_6a005c0c0a534\" id=\"forminator-field-phone-1_6a005c0c0a534-label\" class=\"forminator-label\">Num\u00e9ro de t\u00e9l\u00e9phone<\/label><input type=\"text\" name=\"phone-1\" value=\"\" placeholder=\"Par exemple\u00a0: +225 0757255510\" id=\"forminator-field-phone-1_6a005c0c0a534\" class=\"forminator-input forminator-field--phone\" data-required=\"\" aria-required=\"false\" autocomplete=\"off\" \/><\/div><\/div><\/div><div class=\"forminator-row\"><div id=\"textarea-1\" class=\"forminator-field-textarea forminator-col forminator-col-12 \"><div class=\"forminator-field\"><label for=\"forminator-field-textarea-1_6a005c0c0a534\" id=\"forminator-field-textarea-1_6a005c0c0a534-label\" class=\"forminator-label\">Message <span class=\"forminator-required\">*<\/span><\/label><textarea name=\"textarea-1\" placeholder=\"Nous \u00e9crire dans cette zone\" id=\"forminator-field-textarea-1_6a005c0c0a534\" class=\"forminator-textarea\" rows=\"6\" style=\"--forminator-textarea-min-height:140px;\" maxlength=\"180\" ><\/textarea><span id=\"forminator-field-textarea-1_6a005c0c0a534-description\" class=\"forminator-description\"><span data-limit=\"180\" data-type=\"characters\" data-editor=\"\">0 \/ 180<\/span><\/span><\/div><\/div><\/div><div class=\"forminator-row\" style=\"margin: 0;\"><div id=\"captcha-1\" class=\"forminator-field-captcha  forminator-col-12 \"><div class=\"forminator-captcha-left forminator-g-recaptcha recaptcha-invisible\" data-theme=\"light\" data-badge=\"bottomright\" data-sitekey=\"6Lf39qspAAAAAJZVsIteDAr6Jg7LfnMA-k5q0Lqu\" data-size=\"invisible\"><\/div> <\/div><\/div><input type=\"hidden\" name=\"referer_url\" value=\"\" \/><div class=\"forminator-row forminator-row-last\"><div class=\"forminator-col\"><div class=\"forminator-field\"><button class=\"forminator-button forminator-button-submit\">Envoyer le message<\/button><\/div><\/div><\/div><input type=\"hidden\" id=\"forminator_nonce\" name=\"forminator_nonce\" value=\"a4b3d2e469\" \/><input type=\"hidden\" name=\"_wp_http_referer\" value=\"\/index.php\/wp-json\/wp\/v2\/pages\/69\" \/><input type=\"hidden\" name=\"form_id\" value=\"407\"><input type=\"hidden\" name=\"page_id\" value=\"69\"><input type=\"hidden\" name=\"form_type\" value=\"default\"><input type=\"hidden\" name=\"current_url\" value=\"https:\/\/imhotepacademy.ci\/index.php\/contacts\/\"><input type=\"hidden\" name=\"render_id\" value=\"0\"><input type=\"hidden\" name=\"action\" value=\"forminator_submit_form_custom-forms\"><\/form><\/div>\n\t\t\t\t\t\t<\/div>\n\t\t\t\t<\/div>\n\t\t\t\t<\/div>\n\t\t\t\t\t<\/div>\n\t\t\t\t<\/div>\n\t\t\t\t<\/div>\n\t\t","protected":false},"excerpt":{"rendered":"<p>CONTACT Nos contacts +225 27 22 50 69 96 +225 07 59 81 48 64 +225 07 59 81 48 64 info@imhotepacademy.ci Abidjan, cocody angr\u00e9 7\u00e8me tranche entre le carrefour Bluetooth et le stade d&rsquo;angr\u00e9 Laissez nous un message.<\/p>\n","protected":false},"author":1,"featured_media":0,"parent":0,"menu_order":0,"comment_status":"closed","ping_status":"closed","template":"","meta":{"footnotes":""},"class_list":["post-69","page","type-page","status-publish","hentry"],"blocksy_meta":{"has_hero_section":"disabled"},"yoast_head":"<!-- This site is optimized with the Yoast SEO plugin v27.5 - https:\/\/yoast.com\/product\/yoast-seo-wordpress\/ -->\n<title>CONTACTS - Imhotep Academy<\/title>\n<meta name=\"robots\" content=\"index, follow, max-snippet:-1, max-image-preview:large, max-video-preview:-1\" \/>\n<link rel=\"canonical\" href=\"https:\/\/imhotepacademy.ci\/index.php\/contacts\/\" \/>\n<meta property=\"og:locale\" content=\"fr_FR\" \/>\n<meta property=\"og:type\" content=\"article\" \/>\n<meta property=\"og:title\" content=\"CONTACTS - Imhotep Academy\" \/>\n<meta property=\"og:description\" content=\"CONTACT Nos contacts +225 27 22 50 69 96 +225 07 59 81 48 64 +225 07 59 81 48 64 info@imhotepacademy.ci Abidjan, cocody angr\u00e9 7\u00e8me tranche entre le carrefour Bluetooth et le stade d&rsquo;angr\u00e9 Laissez nous un message.\" \/>\n<meta property=\"og:url\" content=\"https:\/\/imhotepacademy.ci\/index.php\/contacts\/\" \/>\n<meta property=\"og:site_name\" content=\"Imhotep Academy\" \/>\n<meta property=\"article:publisher\" content=\"https:\/\/web.facebook.com\/groupeecolesasp\" \/>\n<meta property=\"article:modified_time\" content=\"2024-07-22T22:35:21+00:00\" \/>\n<meta property=\"og:image\" content=\"https:\/\/imhotepacademy.ci\/wp-content\/uploads\/2023\/09\/WhatsApp-Image-2023-05-15-at-12.15.58.jpeg\" \/>\n\t<meta property=\"og:image:width\" content=\"1080\" \/>\n\t<meta property=\"og:image:height\" content=\"407\" \/>\n\t<meta property=\"og:image:type\" content=\"image\/jpeg\" \/>\n<meta name=\"twitter:card\" content=\"summary_large_image\" \/>\n<meta name=\"twitter:label1\" content=\"Dur\u00e9e de lecture estim\u00e9e\" \/>\n\t<meta name=\"twitter:data1\" content=\"1 minute\" \/>\n<script type=\"application\/ld+json\" class=\"yoast-schema-graph\">{\"@context\":\"https:\\\/\\\/schema.org\",\"@graph\":[{\"@type\":\"WebPage\",\"@id\":\"https:\\\/\\\/imhotepacademy.ci\\\/index.php\\\/contacts\\\/\",\"url\":\"https:\\\/\\\/imhotepacademy.ci\\\/index.php\\\/contacts\\\/\",\"name\":\"CONTACTS - Imhotep Academy\",\"isPartOf\":{\"@id\":\"https:\\\/\\\/imhotepacademy.ci\\\/#website\"},\"datePublished\":\"2023-09-13T19:58:27+00:00\",\"dateModified\":\"2024-07-22T22:35:21+00:00\",\"breadcrumb\":{\"@id\":\"https:\\\/\\\/imhotepacademy.ci\\\/index.php\\\/contacts\\\/#breadcrumb\"},\"inLanguage\":\"fr-FR\",\"potentialAction\":[{\"@type\":\"ReadAction\",\"target\":[\"https:\\\/\\\/imhotepacademy.ci\\\/index.php\\\/contacts\\\/\"]}]},{\"@type\":\"BreadcrumbList\",\"@id\":\"https:\\\/\\\/imhotepacademy.ci\\\/index.php\\\/contacts\\\/#breadcrumb\",\"itemListElement\":[{\"@type\":\"ListItem\",\"position\":1,\"name\":\"Accueil\",\"item\":\"https:\\\/\\\/imhotepacademy.ci\\\/\"},{\"@type\":\"ListItem\",\"position\":2,\"name\":\"CONTACTS\"}]},{\"@type\":\"WebSite\",\"@id\":\"https:\\\/\\\/imhotepacademy.ci\\\/#website\",\"url\":\"https:\\\/\\\/imhotepacademy.ci\\\/\",\"name\":\"Imhotep Academy\",\"description\":\"L&#039;\u00e9cole des employeurs de demain!\",\"publisher\":{\"@id\":\"https:\\\/\\\/imhotepacademy.ci\\\/#organization\"},\"potentialAction\":[{\"@type\":\"SearchAction\",\"target\":{\"@type\":\"EntryPoint\",\"urlTemplate\":\"https:\\\/\\\/imhotepacademy.ci\\\/?s={search_term_string}\"},\"query-input\":{\"@type\":\"PropertyValueSpecification\",\"valueRequired\":true,\"valueName\":\"search_term_string\"}}],\"inLanguage\":\"fr-FR\"},{\"@type\":\"Organization\",\"@id\":\"https:\\\/\\\/imhotepacademy.ci\\\/#organization\",\"name\":\"Imhotep Academy\",\"url\":\"https:\\\/\\\/imhotepacademy.ci\\\/\",\"logo\":{\"@type\":\"ImageObject\",\"inLanguage\":\"fr-FR\",\"@id\":\"https:\\\/\\\/imhotepacademy.ci\\\/#\\\/schema\\\/logo\\\/image\\\/\",\"url\":\"https:\\\/\\\/imhotepacademy.ci\\\/wp-content\\\/uploads\\\/2024\\\/07\\\/LOGO-IMHOASPCI.png\",\"contentUrl\":\"https:\\\/\\\/imhotepacademy.ci\\\/wp-content\\\/uploads\\\/2024\\\/07\\\/LOGO-IMHOASPCI.png\",\"width\":2664,\"height\":972,\"caption\":\"Imhotep Academy\"},\"image\":{\"@id\":\"https:\\\/\\\/imhotepacademy.ci\\\/#\\\/schema\\\/logo\\\/image\\\/\"},\"sameAs\":[\"https:\\\/\\\/web.facebook.com\\\/groupeecolesasp\"]}]}<\/script>\n<!-- \/ Yoast SEO plugin. -->","yoast_head_json":{"title":"CONTACTS - Imhotep Academy","robots":{"index":"index","follow":"follow","max-snippet":"max-snippet:-1","max-image-preview":"max-image-preview:large","max-video-preview":"max-video-preview:-1"},"canonical":"https:\/\/imhotepacademy.ci\/index.php\/contacts\/","og_locale":"fr_FR","og_type":"article","og_title":"CONTACTS - Imhotep Academy","og_description":"CONTACT Nos contacts +225 27 22 50 69 96 +225 07 59 81 48 64 +225 07 59 81 48 64 info@imhotepacademy.ci Abidjan, cocody angr\u00e9 7\u00e8me tranche entre le carrefour Bluetooth et le stade d&rsquo;angr\u00e9 Laissez nous un message.","og_url":"https:\/\/imhotepacademy.ci\/index.php\/contacts\/","og_site_name":"Imhotep Academy","article_publisher":"https:\/\/web.facebook.com\/groupeecolesasp","article_modified_time":"2024-07-22T22:35:21+00:00","og_image":[{"width":1080,"height":407,"url":"https:\/\/imhotepacademy.ci\/wp-content\/uploads\/2023\/09\/WhatsApp-Image-2023-05-15-at-12.15.58.jpeg","type":"image\/jpeg"}],"twitter_card":"summary_large_image","twitter_misc":{"Dur\u00e9e de lecture estim\u00e9e":"1 minute"},"schema":{"@context":"https:\/\/schema.org","@graph":[{"@type":"WebPage","@id":"https:\/\/imhotepacademy.ci\/index.php\/contacts\/","url":"https:\/\/imhotepacademy.ci\/index.php\/contacts\/","name":"CONTACTS - Imhotep Academy","isPartOf":{"@id":"https:\/\/imhotepacademy.ci\/#website"},"datePublished":"2023-09-13T19:58:27+00:00","dateModified":"2024-07-22T22:35:21+00:00","breadcrumb":{"@id":"https:\/\/imhotepacademy.ci\/index.php\/contacts\/#breadcrumb"},"inLanguage":"fr-FR","potentialAction":[{"@type":"ReadAction","target":["https:\/\/imhotepacademy.ci\/index.php\/contacts\/"]}]},{"@type":"BreadcrumbList","@id":"https:\/\/imhotepacademy.ci\/index.php\/contacts\/#breadcrumb","itemListElement":[{"@type":"ListItem","position":1,"name":"Accueil","item":"https:\/\/imhotepacademy.ci\/"},{"@type":"ListItem","position":2,"name":"CONTACTS"}]},{"@type":"WebSite","@id":"https:\/\/imhotepacademy.ci\/#website","url":"https:\/\/imhotepacademy.ci\/","name":"Imhotep Academy","description":"L&#039;\u00e9cole des employeurs de demain!","publisher":{"@id":"https:\/\/imhotepacademy.ci\/#organization"},"potentialAction":[{"@type":"SearchAction","target":{"@type":"EntryPoint","urlTemplate":"https:\/\/imhotepacademy.ci\/?s={search_term_string}"},"query-input":{"@type":"PropertyValueSpecification","valueRequired":true,"valueName":"search_term_string"}}],"inLanguage":"fr-FR"},{"@type":"Organization","@id":"https:\/\/imhotepacademy.ci\/#organization","name":"Imhotep Academy","url":"https:\/\/imhotepacademy.ci\/","logo":{"@type":"ImageObject","inLanguage":"fr-FR","@id":"https:\/\/imhotepacademy.ci\/#\/schema\/logo\/image\/","url":"https:\/\/imhotepacademy.ci\/wp-content\/uploads\/2024\/07\/LOGO-IMHOASPCI.png","contentUrl":"https:\/\/imhotepacademy.ci\/wp-content\/uploads\/2024\/07\/LOGO-IMHOASPCI.png","width":2664,"height":972,"caption":"Imhotep Academy"},"image":{"@id":"https:\/\/imhotepacademy.ci\/#\/schema\/logo\/image\/"},"sameAs":["https:\/\/web.facebook.com\/groupeecolesasp"]}]}},"_links":{"self":[{"href":"https:\/\/imhotepacademy.ci\/index.php\/wp-json\/wp\/v2\/pages\/69","targetHints":{"allow":["GET"]}}],"collection":[{"href":"https:\/\/imhotepacademy.ci\/index.php\/wp-json\/wp\/v2\/pages"}],"about":[{"href":"https:\/\/imhotepacademy.ci\/index.php\/wp-json\/wp\/v2\/types\/page"}],"author":[{"embeddable":true,"href":"https:\/\/imhotepacademy.ci\/index.php\/wp-json\/wp\/v2\/users\/1"}],"replies":[{"embeddable":true,"href":"https:\/\/imhotepacademy.ci\/index.php\/wp-json\/wp\/v2\/comments?post=69"}],"version-history":[{"count":28,"href":"https:\/\/imhotepacademy.ci\/index.php\/wp-json\/wp\/v2\/pages\/69\/revisions"}],"predecessor-version":[{"id":658,"href":"https:\/\/imhotepacademy.ci\/index.php\/wp-json\/wp\/v2\/pages\/69\/revisions\/658"}],"wp:attachment":[{"href":"https:\/\/imhotepacademy.ci\/index.php\/wp-json\/wp\/v2\/media?parent=69"}],"curies":[{"name":"wp","href":"https:\/\/api.w.org\/{rel}","templated":true}]}}