{"id":599,"date":"2024-04-02T10:35:13","date_gmt":"2024-04-02T10:35:13","guid":{"rendered":"https:\/\/imhotepacademy.ci\/?page_id=599"},"modified":"2024-04-02T10:43:52","modified_gmt":"2024-04-02T10:43:52","slug":"contact-formation-diplomante","status":"publish","type":"page","link":"https:\/\/imhotepacademy.ci\/index.php\/contact-formation-diplomante\/","title":{"rendered":"Contact Formation Dipl\u00f4mante"},"content":{"rendered":"\t\t<div data-elementor-type=\"wp-page\" data-elementor-id=\"599\" class=\"elementor elementor-599\">\n\t\t\t\t<div class=\"elementor-element elementor-element-d2e5f57 e-flex e-con-boxed e-con e-parent\" data-id=\"d2e5f57\" data-element_type=\"container\" data-e-type=\"container\">\n\t\t\t\t\t<div class=\"e-con-inner\">\n\t\t\t\t<div class=\"elementor-element elementor-element-ace51f1 elementor-widget elementor-widget-heading\" data-id=\"ace51f1\" data-element_type=\"widget\" data-e-type=\"widget\" data-widget_type=\"heading.default\">\n\t\t\t\t<div class=\"elementor-widget-container\">\n\t\t\t\t\t<h2 class=\"elementor-heading-title elementor-size-default\">Universit\u00e9 IMHOTEP ACADEMY<\/h2>\t\t\t\t<\/div>\n\t\t\t\t<\/div>\n\t\t\t\t\t<\/div>\n\t\t\t\t<\/div>\n\t\t<div class=\"elementor-element elementor-element-06e4e80 e-flex e-con-boxed e-con e-parent\" data-id=\"06e4e80\" data-element_type=\"container\" data-e-type=\"container\">\n\t\t\t\t\t<div class=\"e-con-inner\">\n\t\t\t\t<div class=\"elementor-element elementor-element-a939263 elementor-widget elementor-widget-heading\" data-id=\"a939263\" data-element_type=\"widget\" data-e-type=\"widget\" data-widget_type=\"heading.default\">\n\t\t\t\t<div class=\"elementor-widget-container\">\n\t\t\t\t\t<h3 class=\"elementor-heading-title elementor-size-default\">Formulaire de pr\u00e9inscription <\/h3>\t\t\t\t<\/div>\n\t\t\t\t<\/div>\n\t\t\t\t<div class=\"elementor-element elementor-element-c7fc997 elementor-widget elementor-widget-text-editor\" data-id=\"c7fc997\" data-element_type=\"widget\" data-e-type=\"widget\" data-widget_type=\"text-editor.default\">\n\t\t\t\t<div class=\"elementor-widget-container\">\n\t\t\t\t\t\t\t\t\t<p>NB: Les champs en asterik (*) sont obligatoires!<\/p>\t\t\t\t\t\t\t\t<\/div>\n\t\t\t\t<\/div>\n\t\t\t\t\t<\/div>\n\t\t\t\t<\/div>\n\t\t<div class=\"elementor-element elementor-element-6531537 e-flex e-con-boxed e-con e-parent\" data-id=\"6531537\" data-element_type=\"container\" data-e-type=\"container\">\n\t\t\t\t\t<div class=\"e-con-inner\">\n\t\t\t\t<div class=\"elementor-element elementor-element-15e03ea elementor-widget elementor-widget-shortcode\" data-id=\"15e03ea\" data-element_type=\"widget\" data-e-type=\"widget\" data-widget_type=\"shortcode.default\">\n\t\t\t\t<div class=\"elementor-widget-container\">\n\t\t\t\t\t\t\t<div class=\"elementor-shortcode\"><div class=\"forminator-ui forminator-custom-form forminator-custom-form-598 forminator-design--default  forminator_ajax\" data-forminator-render=\"0\" data-form=\"forminator-module-598\" data-uid=\"6a04c00033100\"><br\/><\/div><form\n\t\t\t\tid=\"forminator-module-598\"\n\t\t\t\tclass=\"forminator-ui forminator-custom-form forminator-custom-form-598 forminator-design--default  forminator_ajax\"\n\t\t\t\tmethod=\"post\"\n\t\t\t\tdata-forminator-render=\"0\"\n\t\t\t\tdata-form-id=\"598\"\n\t\t\t\t data-color-option=\"default\" data-design=\"default\" data-grid=\"open\" style=\"display: none;\"\n\t\t\t\tdata-uid=\"6a04c00033100\"\n\t\t\t><div role=\"alert\" aria-live=\"polite\" class=\"forminator-response-message forminator-error\" aria-hidden=\"true\"><\/div><div class=\"forminator-row\"><div id=\"name-1\" class=\"forminator-field-name forminator-col forminator-col-12 \"><div class=\"forminator-field\"><label for=\"forminator-field-name-1_6a04c00033100\" id=\"forminator-field-name-1_6a04c00033100-label\" class=\"forminator-label\">Nom <span class=\"forminator-required\">*<\/span><\/label><input type=\"text\" name=\"name-1\" value=\"\" placeholder=\"votre nom\" id=\"forminator-field-name-1_6a04c00033100\" class=\"forminator-input forminator-name--field\" aria-required=\"true\" autocomplete=\"name\" \/><\/div><\/div><\/div><div class=\"forminator-row\"><div id=\"name-2\" class=\"forminator-field-name forminator-col forminator-col-12 \"><div class=\"forminator-field\"><label for=\"forminator-field-name-2_6a04c00033100\" id=\"forminator-field-name-2_6a04c00033100-label\" class=\"forminator-label\">Pr\u00e9nom (s) <span class=\"forminator-required\">*<\/span><\/label><input type=\"text\" name=\"name-2\" value=\"\" placeholder=\"votre pr\u00e9nom(s)\" id=\"forminator-field-name-2_6a04c00033100\" class=\"forminator-input forminator-name--field\" aria-required=\"true\" autocomplete=\"name\" \/><\/div><\/div><\/div><div class=\"forminator-row\"><div id=\"phone-1\" class=\"forminator-field-phone forminator-col forminator-col-12 \"><div class=\"forminator-field\"><label for=\"forminator-field-phone-1_6a04c00033100\" id=\"forminator-field-phone-1_6a04c00033100-label\" class=\"forminator-label\">T\u00e9l\u00e9phone <span class=\"forminator-required\">*<\/span><\/label><input type=\"text\" name=\"phone-1\" value=\"\" placeholder=\"Votre num\u00e9ro de t\u00e9l\u00e9phone\" id=\"forminator-field-phone-1_6a04c00033100\" class=\"forminator-input forminator-field--phone\" data-required=\"1\" aria-required=\"true\" autocomplete=\"off\" \/><\/div><\/div><\/div><div class=\"forminator-row\"><div id=\"email-1\" class=\"forminator-field-email forminator-col forminator-col-12 \"><div class=\"forminator-field\"><label for=\"forminator-field-email-1_6a04c00033100\" id=\"forminator-field-email-1_6a04c00033100-label\" class=\"forminator-label\">Adresse de messagerie <span class=\"forminator-required\">*<\/span><\/label><input type=\"email\" name=\"email-1\" value=\"\" placeholder=\"Votre adresse email\" id=\"forminator-field-email-1_6a04c00033100\" class=\"forminator-input forminator-email--field\" data-required=\"1\" aria-required=\"true\" autocomplete=\"email\" \/><\/div><\/div><\/div><div class=\"forminator-row\"><div id=\"name-3\" class=\"forminator-field-name forminator-col forminator-col-12 \"><div class=\"forminator-field\"><label for=\"forminator-field-name-3_6a04c00033100\" id=\"forminator-field-name-3_6a04c00033100-label\" class=\"forminator-label\">Niveau d&#039;\u00e9tude <span class=\"forminator-required\">*<\/span><\/label><input type=\"text\" name=\"name-3\" value=\"\" placeholder=\"votre niveau d&#039;\u00e9tude\" id=\"forminator-field-name-3_6a04c00033100\" class=\"forminator-input forminator-name--field\" aria-required=\"true\" autocomplete=\"name\" \/><\/div><\/div><\/div><div class=\"forminator-row\"><div id=\"radio-1\" class=\"forminator-field-radio forminator-col forminator-col-12 \"><div role=\"radiogroup\" class=\"forminator-field\" aria-labelledby=\"forminator-radiogroup-radio-1-6a04c00033100-label\"><span id=\"forminator-radiogroup-radio-1-6a04c00033100-label\" class=\"forminator-label\">Choisir la formation diplomante souhait\u00e9e <span class=\"forminator-required\">*<\/span><\/span><label id=\"forminator-field-radio-1-label-1\" for=\"forminator-field-radio-1-1-6a04c00033100\" class=\"forminator-radio forminator-radio-inline\" title=\"EDBA\"><input type=\"radio\" name=\"radio-1\" value=\"one\" id=\"forminator-field-radio-1-1-6a04c00033100\" aria-labelledby=\"forminator-field-radio-1-label-1\" data-calculation=\"0\"   data-hidden-behavior=\"zero\"\/><span class=\"forminator-radio-bullet\" aria-hidden=\"true\"><\/span><span class=\"forminator-radio-label\">EDBA<\/span><\/label><label id=\"forminator-field-radio-1-label-2\" for=\"forminator-field-radio-1-2-6a04c00033100\" class=\"forminator-radio forminator-radio-inline\" title=\"MBA\"><input type=\"radio\" name=\"radio-1\" value=\"two\" id=\"forminator-field-radio-1-2-6a04c00033100\" aria-labelledby=\"forminator-field-radio-1-label-2\" data-calculation=\"0\"   data-hidden-behavior=\"zero\"\/><span class=\"forminator-radio-bullet\" aria-hidden=\"true\"><\/span><span class=\"forminator-radio-label\">MBA<\/span><\/label><label id=\"forminator-field-radio-1-label-3\" for=\"forminator-field-radio-1-3-6a04c00033100\" class=\"forminator-radio forminator-radio-inline\" title=\"BBA\"><input type=\"radio\" name=\"radio-1\" value=\"BBA\" id=\"forminator-field-radio-1-3-6a04c00033100\" aria-labelledby=\"forminator-field-radio-1-label-3\" data-calculation=\"0\"   data-hidden-behavior=\"zero\"\/><span class=\"forminator-radio-bullet\" aria-hidden=\"true\"><\/span><span class=\"forminator-radio-label\">BBA<\/span><\/label><\/div><\/div><\/div><div class=\"forminator-row\" style=\"margin: 0;\"><div id=\"captcha-1\" class=\"forminator-field-captcha  forminator-col-12 \"><div class=\"forminator-captcha-left forminator-g-recaptcha recaptcha-invisible\" data-theme=\"light\" data-badge=\"bottomright\" data-sitekey=\"6Lf39qspAAAAAJZVsIteDAr6Jg7LfnMA-k5q0Lqu\" data-size=\"invisible\"><\/div> <\/div><\/div><input type=\"hidden\" name=\"referer_url\" value=\"\" \/><div class=\"forminator-row forminator-row-last\"><div class=\"forminator-col\"><div class=\"forminator-field\"><button class=\"forminator-button forminator-button-submit\">Envoyer le message<\/button><\/div><\/div><\/div><input type=\"hidden\" id=\"forminator_nonce\" name=\"forminator_nonce\" value=\"dc7b0ac714\" \/><input type=\"hidden\" name=\"_wp_http_referer\" value=\"\/index.php\/wp-json\/wp\/v2\/pages\/599\" \/><input type=\"hidden\" name=\"form_id\" value=\"598\"><input type=\"hidden\" name=\"page_id\" value=\"599\"><input type=\"hidden\" name=\"form_type\" value=\"default\"><input type=\"hidden\" name=\"current_url\" value=\"https:\/\/imhotepacademy.ci\/index.php\/contact-formation-diplomante\/\"><input type=\"hidden\" name=\"render_id\" value=\"0\"><input type=\"hidden\" name=\"action\" value=\"forminator_submit_form_custom-forms\"><\/form><\/div>\n\t\t\t\t\t\t<\/div>\n\t\t\t\t<\/div>\n\t\t\t\t\t<\/div>\n\t\t\t\t<\/div>\n\t\t\t\t<\/div>\n\t\t","protected":false},"excerpt":{"rendered":"<p>Universit\u00e9 IMHOTEP ACADEMY Formulaire de pr\u00e9inscription NB: Les champs en asterik (*) sont obligatoires!<\/p>\n","protected":false},"author":1,"featured_media":0,"parent":0,"menu_order":0,"comment_status":"closed","ping_status":"closed","template":"elementor_canvas","meta":{"footnotes":""},"class_list":["post-599","page","type-page","status-publish","hentry"],"blocksy_meta":[],"yoast_head":"<!-- This site is optimized with the Yoast SEO plugin v27.6 - https:\/\/yoast.com\/product\/yoast-seo-wordpress\/ -->\n<title>Contact Formation Dipl\u00f4mante - Imhotep Academy<\/title>\n<meta name=\"robots\" content=\"index, follow, max-snippet:-1, max-image-preview:large, max-video-preview:-1\" \/>\n<link rel=\"canonical\" href=\"https:\/\/imhotepacademy.ci\/index.php\/contact-formation-diplomante\/\" \/>\n<meta property=\"og:locale\" content=\"fr_FR\" \/>\n<meta property=\"og:type\" content=\"article\" \/>\n<meta property=\"og:title\" content=\"Contact Formation Dipl\u00f4mante - Imhotep Academy\" \/>\n<meta property=\"og:description\" content=\"Universit\u00e9 IMHOTEP ACADEMY Formulaire de pr\u00e9inscription NB: Les champs en asterik (*) sont obligatoires!\" \/>\n<meta property=\"og:url\" content=\"https:\/\/imhotepacademy.ci\/index.php\/contact-formation-diplomante\/\" \/>\n<meta property=\"og:site_name\" content=\"Imhotep Academy\" \/>\n<meta property=\"article:publisher\" content=\"https:\/\/web.facebook.com\/groupeecolesasp\" \/>\n<meta property=\"article:modified_time\" content=\"2024-04-02T10:43:52+00:00\" \/>\n<meta property=\"og:image\" content=\"https:\/\/imhotepacademy.ci\/wp-content\/uploads\/2023\/09\/WhatsApp-Image-2023-05-15-at-12.15.58.jpeg\" \/>\n\t<meta property=\"og:image:width\" content=\"1080\" \/>\n\t<meta property=\"og:image:height\" content=\"407\" \/>\n\t<meta property=\"og:image:type\" content=\"image\/jpeg\" \/>\n<meta name=\"twitter:card\" content=\"summary_large_image\" \/>\n<meta name=\"twitter:label1\" content=\"Dur\u00e9e de lecture estim\u00e9e\" \/>\n\t<meta name=\"twitter:data1\" content=\"1 minute\" \/>\n<script type=\"application\/ld+json\" class=\"yoast-schema-graph\">{\"@context\":\"https:\\\/\\\/schema.org\",\"@graph\":[{\"@type\":\"WebPage\",\"@id\":\"https:\\\/\\\/imhotepacademy.ci\\\/index.php\\\/contact-formation-diplomante\\\/\",\"url\":\"https:\\\/\\\/imhotepacademy.ci\\\/index.php\\\/contact-formation-diplomante\\\/\",\"name\":\"Contact Formation Dipl\u00f4mante - Imhotep Academy\",\"isPartOf\":{\"@id\":\"https:\\\/\\\/imhotepacademy.ci\\\/#website\"},\"datePublished\":\"2024-04-02T10:35:13+00:00\",\"dateModified\":\"2024-04-02T10:43:52+00:00\",\"breadcrumb\":{\"@id\":\"https:\\\/\\\/imhotepacademy.ci\\\/index.php\\\/contact-formation-diplomante\\\/#breadcrumb\"},\"inLanguage\":\"fr-FR\",\"potentialAction\":[{\"@type\":\"ReadAction\",\"target\":[\"https:\\\/\\\/imhotepacademy.ci\\\/index.php\\\/contact-formation-diplomante\\\/\"]}]},{\"@type\":\"BreadcrumbList\",\"@id\":\"https:\\\/\\\/imhotepacademy.ci\\\/index.php\\\/contact-formation-diplomante\\\/#breadcrumb\",\"itemListElement\":[{\"@type\":\"ListItem\",\"position\":1,\"name\":\"Accueil\",\"item\":\"https:\\\/\\\/imhotepacademy.ci\\\/\"},{\"@type\":\"ListItem\",\"position\":2,\"name\":\"Contact Formation Dipl\u00f4mante\"}]},{\"@type\":\"WebSite\",\"@id\":\"https:\\\/\\\/imhotepacademy.ci\\\/#website\",\"url\":\"https:\\\/\\\/imhotepacademy.ci\\\/\",\"name\":\"Imhotep Academy\",\"description\":\"L&#039;\u00e9cole des employeurs de demain!\",\"publisher\":{\"@id\":\"https:\\\/\\\/imhotepacademy.ci\\\/#organization\"},\"potentialAction\":[{\"@type\":\"SearchAction\",\"target\":{\"@type\":\"EntryPoint\",\"urlTemplate\":\"https:\\\/\\\/imhotepacademy.ci\\\/?s={search_term_string}\"},\"query-input\":{\"@type\":\"PropertyValueSpecification\",\"valueRequired\":true,\"valueName\":\"search_term_string\"}}],\"inLanguage\":\"fr-FR\"},{\"@type\":\"Organization\",\"@id\":\"https:\\\/\\\/imhotepacademy.ci\\\/#organization\",\"name\":\"Imhotep Academy\",\"url\":\"https:\\\/\\\/imhotepacademy.ci\\\/\",\"logo\":{\"@type\":\"ImageObject\",\"inLanguage\":\"fr-FR\",\"@id\":\"https:\\\/\\\/imhotepacademy.ci\\\/#\\\/schema\\\/logo\\\/image\\\/\",\"url\":\"https:\\\/\\\/imhotepacademy.ci\\\/wp-content\\\/uploads\\\/2024\\\/07\\\/LOGO-IMHOASPCI.png\",\"contentUrl\":\"https:\\\/\\\/imhotepacademy.ci\\\/wp-content\\\/uploads\\\/2024\\\/07\\\/LOGO-IMHOASPCI.png\",\"width\":2664,\"height\":972,\"caption\":\"Imhotep Academy\"},\"image\":{\"@id\":\"https:\\\/\\\/imhotepacademy.ci\\\/#\\\/schema\\\/logo\\\/image\\\/\"},\"sameAs\":[\"https:\\\/\\\/web.facebook.com\\\/groupeecolesasp\"]}]}<\/script>\n<!-- \/ Yoast SEO plugin. -->","yoast_head_json":{"title":"Contact Formation Dipl\u00f4mante - Imhotep Academy","robots":{"index":"index","follow":"follow","max-snippet":"max-snippet:-1","max-image-preview":"max-image-preview:large","max-video-preview":"max-video-preview:-1"},"canonical":"https:\/\/imhotepacademy.ci\/index.php\/contact-formation-diplomante\/","og_locale":"fr_FR","og_type":"article","og_title":"Contact Formation Dipl\u00f4mante - Imhotep Academy","og_description":"Universit\u00e9 IMHOTEP ACADEMY Formulaire de pr\u00e9inscription NB: Les champs en asterik (*) sont obligatoires!","og_url":"https:\/\/imhotepacademy.ci\/index.php\/contact-formation-diplomante\/","og_site_name":"Imhotep Academy","article_publisher":"https:\/\/web.facebook.com\/groupeecolesasp","article_modified_time":"2024-04-02T10:43:52+00:00","og_image":[{"width":1080,"height":407,"url":"https:\/\/imhotepacademy.ci\/wp-content\/uploads\/2023\/09\/WhatsApp-Image-2023-05-15-at-12.15.58.jpeg","type":"image\/jpeg"}],"twitter_card":"summary_large_image","twitter_misc":{"Dur\u00e9e de lecture estim\u00e9e":"1 minute"},"schema":{"@context":"https:\/\/schema.org","@graph":[{"@type":"WebPage","@id":"https:\/\/imhotepacademy.ci\/index.php\/contact-formation-diplomante\/","url":"https:\/\/imhotepacademy.ci\/index.php\/contact-formation-diplomante\/","name":"Contact Formation Dipl\u00f4mante - Imhotep Academy","isPartOf":{"@id":"https:\/\/imhotepacademy.ci\/#website"},"datePublished":"2024-04-02T10:35:13+00:00","dateModified":"2024-04-02T10:43:52+00:00","breadcrumb":{"@id":"https:\/\/imhotepacademy.ci\/index.php\/contact-formation-diplomante\/#breadcrumb"},"inLanguage":"fr-FR","potentialAction":[{"@type":"ReadAction","target":["https:\/\/imhotepacademy.ci\/index.php\/contact-formation-diplomante\/"]}]},{"@type":"BreadcrumbList","@id":"https:\/\/imhotepacademy.ci\/index.php\/contact-formation-diplomante\/#breadcrumb","itemListElement":[{"@type":"ListItem","position":1,"name":"Accueil","item":"https:\/\/imhotepacademy.ci\/"},{"@type":"ListItem","position":2,"name":"Contact Formation Dipl\u00f4mante"}]},{"@type":"WebSite","@id":"https:\/\/imhotepacademy.ci\/#website","url":"https:\/\/imhotepacademy.ci\/","name":"Imhotep Academy","description":"L&#039;\u00e9cole des employeurs de demain!","publisher":{"@id":"https:\/\/imhotepacademy.ci\/#organization"},"potentialAction":[{"@type":"SearchAction","target":{"@type":"EntryPoint","urlTemplate":"https:\/\/imhotepacademy.ci\/?s={search_term_string}"},"query-input":{"@type":"PropertyValueSpecification","valueRequired":true,"valueName":"search_term_string"}}],"inLanguage":"fr-FR"},{"@type":"Organization","@id":"https:\/\/imhotepacademy.ci\/#organization","name":"Imhotep Academy","url":"https:\/\/imhotepacademy.ci\/","logo":{"@type":"ImageObject","inLanguage":"fr-FR","@id":"https:\/\/imhotepacademy.ci\/#\/schema\/logo\/image\/","url":"https:\/\/imhotepacademy.ci\/wp-content\/uploads\/2024\/07\/LOGO-IMHOASPCI.png","contentUrl":"https:\/\/imhotepacademy.ci\/wp-content\/uploads\/2024\/07\/LOGO-IMHOASPCI.png","width":2664,"height":972,"caption":"Imhotep Academy"},"image":{"@id":"https:\/\/imhotepacademy.ci\/#\/schema\/logo\/image\/"},"sameAs":["https:\/\/web.facebook.com\/groupeecolesasp"]}]}},"_links":{"self":[{"href":"https:\/\/imhotepacademy.ci\/index.php\/wp-json\/wp\/v2\/pages\/599","targetHints":{"allow":["GET"]}}],"collection":[{"href":"https:\/\/imhotepacademy.ci\/index.php\/wp-json\/wp\/v2\/pages"}],"about":[{"href":"https:\/\/imhotepacademy.ci\/index.php\/wp-json\/wp\/v2\/types\/page"}],"author":[{"embeddable":true,"href":"https:\/\/imhotepacademy.ci\/index.php\/wp-json\/wp\/v2\/users\/1"}],"replies":[{"embeddable":true,"href":"https:\/\/imhotepacademy.ci\/index.php\/wp-json\/wp\/v2\/comments?post=599"}],"version-history":[{"count":4,"href":"https:\/\/imhotepacademy.ci\/index.php\/wp-json\/wp\/v2\/pages\/599\/revisions"}],"predecessor-version":[{"id":604,"href":"https:\/\/imhotepacademy.ci\/index.php\/wp-json\/wp\/v2\/pages\/599\/revisions\/604"}],"wp:attachment":[{"href":"https:\/\/imhotepacademy.ci\/index.php\/wp-json\/wp\/v2\/media?parent=599"}],"curies":[{"name":"wp","href":"https:\/\/api.w.org\/{rel}","templated":true}]}}