{"id":550,"date":"2024-03-02T21:43:53","date_gmt":"2024-03-02T21:43:53","guid":{"rendered":"https:\/\/imhotepacademy.ci\/?page_id=550"},"modified":"2024-08-12T12:01:48","modified_gmt":"2024-08-12T12:01:48","slug":"formation-mba","status":"publish","type":"page","link":"https:\/\/imhotepacademy.ci\/index.php\/formation-mba\/","title":{"rendered":"Formation MBA"},"content":{"rendered":"\t\t<div data-elementor-type=\"wp-page\" data-elementor-id=\"550\" class=\"elementor elementor-550\">\n\t\t\t\t<div class=\"elementor-element elementor-element-21b76bd e-con-full e-flex e-con e-parent\" data-id=\"21b76bd\" data-element_type=\"container\" data-e-type=\"container\" data-settings=\"{&quot;background_background&quot;:&quot;classic&quot;}\">\n\t\t\t\t<\/div>\n\t\t<div class=\"elementor-element elementor-element-e6f364a e-flex e-con-boxed e-con e-parent\" data-id=\"e6f364a\" data-element_type=\"container\" data-e-type=\"container\" data-settings=\"{&quot;background_background&quot;:&quot;classic&quot;}\">\n\t\t\t\t\t<div class=\"e-con-inner\">\n\t\t\t\t<div class=\"elementor-element elementor-element-779fcd1 elementor-widget elementor-widget-heading\" data-id=\"779fcd1\" data-element_type=\"widget\" data-e-type=\"widget\" data-widget_type=\"heading.default\">\n\t\t\t\t<div class=\"elementor-widget-container\">\n\t\t\t\t\t<h2 class=\"elementor-heading-title elementor-size-default\">MBA Management G\u00e9n\u00e9ral<\/h2>\t\t\t\t<\/div>\n\t\t\t\t<\/div>\n\t\t\t\t\t<\/div>\n\t\t\t\t<\/div>\n\t\t<div class=\"elementor-element elementor-element-1f817c4 e-con-full e-flex e-con e-parent\" data-id=\"1f817c4\" data-element_type=\"container\" data-e-type=\"container\" data-settings=\"{&quot;background_background&quot;:&quot;classic&quot;}\">\n\t\t<div class=\"elementor-element elementor-element-0bc1cad e-con-full e-flex e-con e-child\" data-id=\"0bc1cad\" data-element_type=\"container\" data-e-type=\"container\">\n\t\t\t\t<div class=\"elementor-element elementor-element-b005422 elementor-widget elementor-widget-text-editor\" data-id=\"b005422\" data-element_type=\"widget\" data-e-type=\"widget\" data-widget_type=\"text-editor.default\">\n\t\t\t\t<div class=\"elementor-widget-container\">\n\t\t\t\t\t\t\t\t\t<p>Notre <strong>MBA<\/strong> approfondit les connaissances en gestion avec des cours avanc\u00e9s. Centr\u00e9 sur une approche professionnalisante, le <strong>MBA Management G\u00e9n\u00e9ral pr\u00e9pare \u00e0 des fonctions de re<\/strong><strong>sponsabilit\u00e9 et de Direction:<\/strong><\/p><ul><li>Acqu\u00e9rir une vision globale et strat\u00e9gique de l\u2019entreprise<\/li><li>Affirmer des comp\u00e9tences de leadership et de management pour diriger une activit\u00e9, une busi-ness unit, ou cr\u00e9er son entreprise<\/li><li>Consolider et \u00e9largir vos comp\u00e9tences de managers et d\u00e9velopper le champ de vos responsabilit\u00e9<\/li><li>Maitriser et appliquer les techniques et les outils les plus r\u00e9cents de la finance, du Marketing, de la logistique et du Management des Hommes.<\/li><\/ul><h3>Programmes MBA<\/h3><p>Nos programmes se d\u00e9clinent en 3 phases:<\/p><p><strong>Phase I: Les fondamentaux du Management<\/strong><\/p><ul><li>Management des organisations<\/li><li>Communication interpersonnelle<\/li><li>Strat\u00e9gie d\u2019entreprise<\/li><li>Leadership et conduite de changement<\/li><li>Management interculturel<\/li><li>Comptabilit\u00e9 pour Managers<\/li><li>Management de projet<\/li><li>M\u00e9thodologie de recherche<br \/><br \/><\/li><\/ul><p><strong>Phase II: Les approfondissements<\/strong><\/p><ul><li>Management des ressources humaines<\/li><li>Management des comp\u00e9tences<\/li><li>Marketing fondamental et strat\u00e9gique<\/li><li>Politiques Marketing<\/li><li>Finance d&rsquo;entreprise<\/li><li>Management logistique<\/li><li>Business Game<\/li><li>Grand oral<br \/><br \/><\/li><\/ul><p><strong>Phase III: La th\u00e8se professionnelle<\/strong><\/p><p>Les participants doivent <em><strong>r\u00e9aliser en fin de leur cursus une th\u00e8se professionnelle<\/strong><\/em>. Ce projet traite d\u2019une probl\u00e9matique d\u2019entreprise et d\u00e9bouche sur l\u2019\u00e9laboration de pr\u00e9conisations concr\u00e8tes permettant \u00e0 chacun d\u2019appliquer imm\u00e9diatement les concepts, m\u00e9thodes et outils acquis pendant la formation.<\/p>\t\t\t\t\t\t\t\t<\/div>\n\t\t\t\t<\/div>\n\t\t\t\t<\/div>\n\t\t<div class=\"elementor-element elementor-element-6a497ef e-con-full e-flex e-con e-child\" data-id=\"6a497ef\" data-element_type=\"container\" data-e-type=\"container\">\n\t\t\t\t<div class=\"elementor-element elementor-element-860d7bc elementor-widget elementor-widget-accordion\" data-id=\"860d7bc\" data-element_type=\"widget\" data-e-type=\"widget\" data-widget_type=\"accordion.default\">\n\t\t\t\t<div class=\"elementor-widget-container\">\n\t\t\t\t\t\t\t<div class=\"elementor-accordion\">\n\t\t\t\t\t\t\t<div class=\"elementor-accordion-item\">\n\t\t\t\t\t<div id=\"elementor-tab-title-1401\" class=\"elementor-tab-title\" data-tab=\"1\" role=\"button\" aria-controls=\"elementor-tab-content-1401\" aria-expanded=\"false\">\n\t\t\t\t\t\t\t\t\t\t\t\t\t<span class=\"elementor-accordion-icon elementor-accordion-icon-left\" aria-hidden=\"true\">\n\t\t\t\t\t\t\t\t\t\t\t\t\t\t\t<span class=\"elementor-accordion-icon-closed\"><i class=\"fas fa-plus\"><\/i><\/span>\n\t\t\t\t\t\t\t\t<span class=\"elementor-accordion-icon-opened\"><i class=\"fas fa-minus\"><\/i><\/span>\n\t\t\t\t\t\t\t\t\t\t\t\t\t\t<\/span>\n\t\t\t\t\t\t\t\t\t\t\t\t<a class=\"elementor-accordion-title\" tabindex=\"0\">Dipl\u00f4me<\/a>\n\t\t\t\t\t<\/div>\n\t\t\t\t\t<div id=\"elementor-tab-content-1401\" class=\"elementor-tab-content elementor-clearfix\" data-tab=\"1\" role=\"region\" aria-labelledby=\"elementor-tab-title-1401\"><p>Ce programme est sanctionn\u00e9 par la d\u00e9livrance du dipl\u00f4me MBA Management G\u00e9n\u00e9ral de l\u2019Acad\u00e9mie des Sciences de Management de Paris.<\/p><\/div>\n\t\t\t\t<\/div>\n\t\t\t\t\t\t\t<div class=\"elementor-accordion-item\">\n\t\t\t\t\t<div id=\"elementor-tab-title-1402\" class=\"elementor-tab-title\" data-tab=\"2\" role=\"button\" aria-controls=\"elementor-tab-content-1402\" aria-expanded=\"false\">\n\t\t\t\t\t\t\t\t\t\t\t\t\t<span class=\"elementor-accordion-icon elementor-accordion-icon-left\" aria-hidden=\"true\">\n\t\t\t\t\t\t\t\t\t\t\t\t\t\t\t<span class=\"elementor-accordion-icon-closed\"><i class=\"fas fa-plus\"><\/i><\/span>\n\t\t\t\t\t\t\t\t<span class=\"elementor-accordion-icon-opened\"><i class=\"fas fa-minus\"><\/i><\/span>\n\t\t\t\t\t\t\t\t\t\t\t\t\t\t<\/span>\n\t\t\t\t\t\t\t\t\t\t\t\t<a class=\"elementor-accordion-title\" tabindex=\"0\"> Intervenants experts<\/a>\n\t\t\t\t\t<\/div>\n\t\t\t\t\t<div id=\"elementor-tab-content-1402\" class=\"elementor-tab-content elementor-clearfix\" data-tab=\"2\" role=\"region\" aria-labelledby=\"elementor-tab-title-1402\"><p>Des intervenants experts orient\u00e9s entreprise. Un dipl\u00f4me international de renom d\u00e9livr\u00e9 par l\u2019Acad\u00e9mie des Sciences de Management de Paris.<br \/>La possibilit\u00e9 de s\u2019inscrire en Executive Doctorate In Business Administration apr\u00e8s obtention du dipl\u00f4me MBA<\/p><\/div>\n\t\t\t\t<\/div>\n\t\t\t\t\t\t\t<div class=\"elementor-accordion-item\">\n\t\t\t\t\t<div id=\"elementor-tab-title-1403\" class=\"elementor-tab-title\" data-tab=\"3\" role=\"button\" aria-controls=\"elementor-tab-content-1403\" aria-expanded=\"false\">\n\t\t\t\t\t\t\t\t\t\t\t\t\t<span class=\"elementor-accordion-icon elementor-accordion-icon-left\" aria-hidden=\"true\">\n\t\t\t\t\t\t\t\t\t\t\t\t\t\t\t<span class=\"elementor-accordion-icon-closed\"><i class=\"fas fa-plus\"><\/i><\/span>\n\t\t\t\t\t\t\t\t<span class=\"elementor-accordion-icon-opened\"><i class=\"fas fa-minus\"><\/i><\/span>\n\t\t\t\t\t\t\t\t\t\t\t\t\t\t<\/span>\n\t\t\t\t\t\t\t\t\t\t\t\t<a class=\"elementor-accordion-title\" tabindex=\"0\">Structure du cursus<\/a>\n\t\t\t\t\t<\/div>\n\t\t\t\t\t<div id=\"elementor-tab-content-1403\" class=\"elementor-tab-content elementor-clearfix\" data-tab=\"3\" role=\"region\" aria-labelledby=\"elementor-tab-title-1403\"><p>La formation dure 3 ann\u00e9es et se d\u00e9cline sous la forme de s\u00e9minaires et d\u2019ateliers de recherche.<\/p><ol><li>La premi\u00e8re ann\u00e9e permet de fournir aux candidats la d\u00e9marche conceptuelle et m\u00e9thodologique lui permettant de formuler puis de mener avec efficacit\u00e9 son processus de <br \/>recherche doctorale professionnelle. L\u2019ann\u00e9e se termine par la soutenance de votre proposition de th\u00e8se.<\/li><li>La deuxi\u00e8me ann\u00e9e est l\u2019application concr\u00e8te des m\u00e9thodologies \u00e0 travers une mise en \u0153uvre empirique. Elle est consacr\u00e9e \u00e0 votre \u00e9tude de terrain et \u00e0 la r\u00e9daction de votre th\u00e8se. <br \/>Vous serez accompagn\u00e9 par un de nos directeurs de th\u00e8se. \u00c0 l\u2019issue de cette 2e ann\u00e9e vous proposez un premier draft de la th\u00e8se.<\/li><li>\u00a0La troisi\u00e8me ann\u00e9e est consacr\u00e9e \u00e0 la finalisation de la r\u00e9daction de la version d\u00e9finitive de la th\u00e8se et \u00e0 la pr\u00e9paration de la soutenance. La soutenance se d\u00e9roule devant un jury acad\u00e9mique et professionnel.<\/li><\/ol><\/div>\n\t\t\t\t<\/div>\n\t\t\t\t\t\t\t<div class=\"elementor-accordion-item\">\n\t\t\t\t\t<div id=\"elementor-tab-title-1404\" class=\"elementor-tab-title\" data-tab=\"4\" role=\"button\" aria-controls=\"elementor-tab-content-1404\" aria-expanded=\"false\">\n\t\t\t\t\t\t\t\t\t\t\t\t\t<span class=\"elementor-accordion-icon elementor-accordion-icon-left\" aria-hidden=\"true\">\n\t\t\t\t\t\t\t\t\t\t\t\t\t\t\t<span class=\"elementor-accordion-icon-closed\"><i class=\"fas fa-plus\"><\/i><\/span>\n\t\t\t\t\t\t\t\t<span class=\"elementor-accordion-icon-opened\"><i class=\"fas fa-minus\"><\/i><\/span>\n\t\t\t\t\t\t\t\t\t\t\t\t\t\t<\/span>\n\t\t\t\t\t\t\t\t\t\t\t\t<a class=\"elementor-accordion-title\" tabindex=\"0\">Conditions d'admission<\/a>\n\t\t\t\t\t<\/div>\n\t\t\t\t\t<div id=\"elementor-tab-content-1404\" class=\"elementor-tab-content elementor-clearfix\" data-tab=\"4\" role=\"region\" aria-labelledby=\"elementor-tab-title-1404\"><p>Il faut avoir le master un dipl\u00f4me de Master. Une exp\u00e9rience professionnelle pertinente serait un atout<\/p><\/div>\n\t\t\t\t<\/div>\n\t\t\t\t\t\t\t\t<\/div>\n\t\t\t\t\t\t<\/div>\n\t\t\t\t<\/div>\n\t\t\t\t<div class=\"elementor-element elementor-element-4b56ec4 elementor-widget elementor-widget-heading\" data-id=\"4b56ec4\" data-element_type=\"widget\" data-e-type=\"widget\" data-widget_type=\"heading.default\">\n\t\t\t\t<div class=\"elementor-widget-container\">\n\t\t\t\t\t<h2 class=\"elementor-heading-title elementor-size-default\">Je m'enregistre<\/h2>\t\t\t\t<\/div>\n\t\t\t\t<\/div>\n\t\t\t\t<div class=\"elementor-element elementor-element-d80458f elementor-widget elementor-widget-shortcode\" data-id=\"d80458f\" data-element_type=\"widget\" data-e-type=\"widget\" data-widget_type=\"shortcode.default\">\n\t\t\t\t<div class=\"elementor-widget-container\">\n\t\t\t\t\t\t\t<div class=\"elementor-shortcode\"><div class=\"forminator-ui forminator-custom-form forminator-custom-form-598 forminator-design--default  forminator_ajax\" data-forminator-render=\"0\" data-form=\"forminator-module-598\" data-uid=\"6a005c22a4453\"><br\/><\/div><form\n\t\t\t\tid=\"forminator-module-598\"\n\t\t\t\tclass=\"forminator-ui forminator-custom-form forminator-custom-form-598 forminator-design--default  forminator_ajax\"\n\t\t\t\tmethod=\"post\"\n\t\t\t\tdata-forminator-render=\"0\"\n\t\t\t\tdata-form-id=\"598\"\n\t\t\t\t data-color-option=\"default\" data-design=\"default\" data-grid=\"open\" style=\"display: none;\"\n\t\t\t\tdata-uid=\"6a005c22a4453\"\n\t\t\t><div role=\"alert\" aria-live=\"polite\" class=\"forminator-response-message forminator-error\" aria-hidden=\"true\"><\/div><div class=\"forminator-row\"><div id=\"name-1\" class=\"forminator-field-name forminator-col forminator-col-12 \"><div class=\"forminator-field\"><label for=\"forminator-field-name-1_6a005c22a4453\" id=\"forminator-field-name-1_6a005c22a4453-label\" class=\"forminator-label\">Nom <span class=\"forminator-required\">*<\/span><\/label><input type=\"text\" name=\"name-1\" value=\"\" placeholder=\"votre nom\" id=\"forminator-field-name-1_6a005c22a4453\" class=\"forminator-input forminator-name--field\" aria-required=\"true\" autocomplete=\"name\" \/><\/div><\/div><\/div><div class=\"forminator-row\"><div id=\"name-2\" class=\"forminator-field-name forminator-col forminator-col-12 \"><div class=\"forminator-field\"><label for=\"forminator-field-name-2_6a005c22a4453\" id=\"forminator-field-name-2_6a005c22a4453-label\" class=\"forminator-label\">Pr\u00e9nom (s) <span class=\"forminator-required\">*<\/span><\/label><input type=\"text\" name=\"name-2\" value=\"\" placeholder=\"votre pr\u00e9nom(s)\" id=\"forminator-field-name-2_6a005c22a4453\" class=\"forminator-input forminator-name--field\" aria-required=\"true\" autocomplete=\"name\" \/><\/div><\/div><\/div><div class=\"forminator-row\"><div id=\"phone-1\" class=\"forminator-field-phone forminator-col forminator-col-12 \"><div class=\"forminator-field\"><label for=\"forminator-field-phone-1_6a005c22a4453\" id=\"forminator-field-phone-1_6a005c22a4453-label\" class=\"forminator-label\">T\u00e9l\u00e9phone <span class=\"forminator-required\">*<\/span><\/label><input type=\"text\" name=\"phone-1\" value=\"\" placeholder=\"Votre num\u00e9ro de t\u00e9l\u00e9phone\" id=\"forminator-field-phone-1_6a005c22a4453\" class=\"forminator-input forminator-field--phone\" data-required=\"1\" aria-required=\"true\" autocomplete=\"off\" \/><\/div><\/div><\/div><div class=\"forminator-row\"><div id=\"email-1\" class=\"forminator-field-email forminator-col forminator-col-12 \"><div class=\"forminator-field\"><label for=\"forminator-field-email-1_6a005c22a4453\" id=\"forminator-field-email-1_6a005c22a4453-label\" class=\"forminator-label\">Adresse de messagerie <span class=\"forminator-required\">*<\/span><\/label><input type=\"email\" name=\"email-1\" value=\"\" placeholder=\"Votre adresse email\" id=\"forminator-field-email-1_6a005c22a4453\" class=\"forminator-input forminator-email--field\" data-required=\"1\" aria-required=\"true\" autocomplete=\"email\" \/><\/div><\/div><\/div><div class=\"forminator-row\"><div id=\"name-3\" class=\"forminator-field-name forminator-col forminator-col-12 \"><div class=\"forminator-field\"><label for=\"forminator-field-name-3_6a005c22a4453\" id=\"forminator-field-name-3_6a005c22a4453-label\" class=\"forminator-label\">Niveau d&#039;\u00e9tude <span class=\"forminator-required\">*<\/span><\/label><input type=\"text\" name=\"name-3\" value=\"\" placeholder=\"votre niveau d&#039;\u00e9tude\" id=\"forminator-field-name-3_6a005c22a4453\" class=\"forminator-input forminator-name--field\" aria-required=\"true\" autocomplete=\"name\" \/><\/div><\/div><\/div><div class=\"forminator-row\"><div id=\"radio-1\" class=\"forminator-field-radio forminator-col forminator-col-12 \"><div role=\"radiogroup\" class=\"forminator-field\" aria-labelledby=\"forminator-radiogroup-radio-1-6a005c22a4453-label\"><span id=\"forminator-radiogroup-radio-1-6a005c22a4453-label\" class=\"forminator-label\">Choisir la formation diplomante souhait\u00e9e <span class=\"forminator-required\">*<\/span><\/span><label id=\"forminator-field-radio-1-label-1\" for=\"forminator-field-radio-1-1-6a005c22a4453\" class=\"forminator-radio forminator-radio-inline\" title=\"EDBA\"><input type=\"radio\" name=\"radio-1\" value=\"one\" id=\"forminator-field-radio-1-1-6a005c22a4453\" aria-labelledby=\"forminator-field-radio-1-label-1\" data-calculation=\"0\"   data-hidden-behavior=\"zero\"\/><span class=\"forminator-radio-bullet\" aria-hidden=\"true\"><\/span><span class=\"forminator-radio-label\">EDBA<\/span><\/label><label id=\"forminator-field-radio-1-label-2\" for=\"forminator-field-radio-1-2-6a005c22a4453\" class=\"forminator-radio forminator-radio-inline\" title=\"MBA\"><input type=\"radio\" name=\"radio-1\" value=\"two\" id=\"forminator-field-radio-1-2-6a005c22a4453\" aria-labelledby=\"forminator-field-radio-1-label-2\" data-calculation=\"0\"   data-hidden-behavior=\"zero\"\/><span class=\"forminator-radio-bullet\" aria-hidden=\"true\"><\/span><span class=\"forminator-radio-label\">MBA<\/span><\/label><label id=\"forminator-field-radio-1-label-3\" for=\"forminator-field-radio-1-3-6a005c22a4453\" class=\"forminator-radio forminator-radio-inline\" title=\"BBA\"><input type=\"radio\" name=\"radio-1\" value=\"BBA\" id=\"forminator-field-radio-1-3-6a005c22a4453\" aria-labelledby=\"forminator-field-radio-1-label-3\" data-calculation=\"0\"   data-hidden-behavior=\"zero\"\/><span class=\"forminator-radio-bullet\" aria-hidden=\"true\"><\/span><span class=\"forminator-radio-label\">BBA<\/span><\/label><\/div><\/div><\/div><div class=\"forminator-row\" style=\"margin: 0;\"><div id=\"captcha-1\" class=\"forminator-field-captcha  forminator-col-12 \"><div class=\"forminator-captcha-left forminator-g-recaptcha recaptcha-invisible\" data-theme=\"light\" data-badge=\"bottomright\" data-sitekey=\"6Lf39qspAAAAAJZVsIteDAr6Jg7LfnMA-k5q0Lqu\" data-size=\"invisible\"><\/div> <\/div><\/div><input type=\"hidden\" name=\"referer_url\" value=\"\" \/><div class=\"forminator-row forminator-row-last\"><div class=\"forminator-col\"><div class=\"forminator-field\"><button class=\"forminator-button forminator-button-submit\">Envoyer le message<\/button><\/div><\/div><\/div><input type=\"hidden\" id=\"forminator_nonce\" name=\"forminator_nonce\" value=\"1b7c373a56\" \/><input type=\"hidden\" name=\"_wp_http_referer\" value=\"\/index.php\/wp-json\/wp\/v2\/pages\/550\" \/><input type=\"hidden\" name=\"form_id\" value=\"598\"><input type=\"hidden\" name=\"page_id\" value=\"550\"><input type=\"hidden\" name=\"form_type\" value=\"default\"><input type=\"hidden\" name=\"current_url\" value=\"https:\/\/imhotepacademy.ci\/index.php\/formation-mba\/\"><input type=\"hidden\" name=\"render_id\" value=\"0\"><input type=\"hidden\" name=\"action\" value=\"forminator_submit_form_custom-forms\"><\/form><\/div>\n\t\t\t\t\t\t<\/div>\n\t\t\t\t<\/div>\n\t\t\t\t<\/div>\n\t\t\t\t<\/div>\n\t\t\t\t<\/div>\n\t\t","protected":false},"excerpt":{"rendered":"<p>MBA Management G\u00e9n\u00e9ral Notre MBA approfondit les connaissances en gestion avec des cours avanc\u00e9s. Centr\u00e9 sur une approche professionnalisante, le MBA Management G\u00e9n\u00e9ral pr\u00e9pare \u00e0 des fonctions de responsabilit\u00e9 et de Direction: Acqu\u00e9rir une vision globale et strat\u00e9gique de l\u2019entreprise Affirmer des comp\u00e9tences de leadership et de management pour diriger une activit\u00e9, une busi-ness unit, [&hellip;]<\/p>\n","protected":false},"author":1,"featured_media":0,"parent":0,"menu_order":0,"comment_status":"closed","ping_status":"closed","template":"","meta":{"footnotes":""},"class_list":["post-550","page","type-page","status-publish","hentry"],"blocksy_meta":[],"yoast_head":"<!-- This site is optimized with the Yoast SEO plugin v27.5 - https:\/\/yoast.com\/product\/yoast-seo-wordpress\/ -->\n<title>Formation MBA - Imhotep Academy<\/title>\n<meta name=\"robots\" content=\"index, follow, max-snippet:-1, max-image-preview:large, max-video-preview:-1\" \/>\n<link rel=\"canonical\" href=\"https:\/\/imhotepacademy.ci\/index.php\/formation-mba\/\" \/>\n<meta property=\"og:locale\" content=\"fr_FR\" \/>\n<meta property=\"og:type\" content=\"article\" \/>\n<meta property=\"og:title\" content=\"Formation MBA - Imhotep Academy\" \/>\n<meta property=\"og:description\" content=\"MBA Management G\u00e9n\u00e9ral Notre MBA approfondit les connaissances en gestion avec des cours avanc\u00e9s. Centr\u00e9 sur une approche professionnalisante, le MBA Management G\u00e9n\u00e9ral pr\u00e9pare \u00e0 des fonctions de responsabilit\u00e9 et de Direction: Acqu\u00e9rir une vision globale et strat\u00e9gique de l\u2019entreprise Affirmer des comp\u00e9tences de leadership et de management pour diriger une activit\u00e9, une busi-ness unit, [&hellip;]\" \/>\n<meta property=\"og:url\" content=\"https:\/\/imhotepacademy.ci\/index.php\/formation-mba\/\" \/>\n<meta property=\"og:site_name\" content=\"Imhotep Academy\" \/>\n<meta property=\"article:publisher\" content=\"https:\/\/web.facebook.com\/groupeecolesasp\" \/>\n<meta property=\"article:modified_time\" content=\"2024-08-12T12:01:48+00:00\" \/>\n<meta property=\"og:image\" content=\"https:\/\/imhotepacademy.ci\/wp-content\/uploads\/2023\/09\/WhatsApp-Image-2023-05-15-at-12.15.58.jpeg\" \/>\n\t<meta property=\"og:image:width\" content=\"1080\" \/>\n\t<meta property=\"og:image:height\" content=\"407\" \/>\n\t<meta property=\"og:image:type\" content=\"image\/jpeg\" \/>\n<meta name=\"twitter:card\" content=\"summary_large_image\" \/>\n<meta name=\"twitter:label1\" content=\"Dur\u00e9e de lecture estim\u00e9e\" \/>\n\t<meta name=\"twitter:data1\" content=\"3 minutes\" \/>\n<script type=\"application\/ld+json\" class=\"yoast-schema-graph\">{\"@context\":\"https:\\\/\\\/schema.org\",\"@graph\":[{\"@type\":\"WebPage\",\"@id\":\"https:\\\/\\\/imhotepacademy.ci\\\/index.php\\\/formation-mba\\\/\",\"url\":\"https:\\\/\\\/imhotepacademy.ci\\\/index.php\\\/formation-mba\\\/\",\"name\":\"Formation MBA - Imhotep Academy\",\"isPartOf\":{\"@id\":\"https:\\\/\\\/imhotepacademy.ci\\\/#website\"},\"datePublished\":\"2024-03-02T21:43:53+00:00\",\"dateModified\":\"2024-08-12T12:01:48+00:00\",\"breadcrumb\":{\"@id\":\"https:\\\/\\\/imhotepacademy.ci\\\/index.php\\\/formation-mba\\\/#breadcrumb\"},\"inLanguage\":\"fr-FR\",\"potentialAction\":[{\"@type\":\"ReadAction\",\"target\":[\"https:\\\/\\\/imhotepacademy.ci\\\/index.php\\\/formation-mba\\\/\"]}]},{\"@type\":\"BreadcrumbList\",\"@id\":\"https:\\\/\\\/imhotepacademy.ci\\\/index.php\\\/formation-mba\\\/#breadcrumb\",\"itemListElement\":[{\"@type\":\"ListItem\",\"position\":1,\"name\":\"Accueil\",\"item\":\"https:\\\/\\\/imhotepacademy.ci\\\/\"},{\"@type\":\"ListItem\",\"position\":2,\"name\":\"Formation MBA\"}]},{\"@type\":\"WebSite\",\"@id\":\"https:\\\/\\\/imhotepacademy.ci\\\/#website\",\"url\":\"https:\\\/\\\/imhotepacademy.ci\\\/\",\"name\":\"Imhotep Academy\",\"description\":\"L&#039;\u00e9cole des employeurs de demain!\",\"publisher\":{\"@id\":\"https:\\\/\\\/imhotepacademy.ci\\\/#organization\"},\"potentialAction\":[{\"@type\":\"SearchAction\",\"target\":{\"@type\":\"EntryPoint\",\"urlTemplate\":\"https:\\\/\\\/imhotepacademy.ci\\\/?s={search_term_string}\"},\"query-input\":{\"@type\":\"PropertyValueSpecification\",\"valueRequired\":true,\"valueName\":\"search_term_string\"}}],\"inLanguage\":\"fr-FR\"},{\"@type\":\"Organization\",\"@id\":\"https:\\\/\\\/imhotepacademy.ci\\\/#organization\",\"name\":\"Imhotep Academy\",\"url\":\"https:\\\/\\\/imhotepacademy.ci\\\/\",\"logo\":{\"@type\":\"ImageObject\",\"inLanguage\":\"fr-FR\",\"@id\":\"https:\\\/\\\/imhotepacademy.ci\\\/#\\\/schema\\\/logo\\\/image\\\/\",\"url\":\"https:\\\/\\\/imhotepacademy.ci\\\/wp-content\\\/uploads\\\/2024\\\/07\\\/LOGO-IMHOASPCI.png\",\"contentUrl\":\"https:\\\/\\\/imhotepacademy.ci\\\/wp-content\\\/uploads\\\/2024\\\/07\\\/LOGO-IMHOASPCI.png\",\"width\":2664,\"height\":972,\"caption\":\"Imhotep Academy\"},\"image\":{\"@id\":\"https:\\\/\\\/imhotepacademy.ci\\\/#\\\/schema\\\/logo\\\/image\\\/\"},\"sameAs\":[\"https:\\\/\\\/web.facebook.com\\\/groupeecolesasp\"]}]}<\/script>\n<!-- \/ Yoast SEO plugin. -->","yoast_head_json":{"title":"Formation MBA - Imhotep Academy","robots":{"index":"index","follow":"follow","max-snippet":"max-snippet:-1","max-image-preview":"max-image-preview:large","max-video-preview":"max-video-preview:-1"},"canonical":"https:\/\/imhotepacademy.ci\/index.php\/formation-mba\/","og_locale":"fr_FR","og_type":"article","og_title":"Formation MBA - Imhotep Academy","og_description":"MBA Management G\u00e9n\u00e9ral Notre MBA approfondit les connaissances en gestion avec des cours avanc\u00e9s. Centr\u00e9 sur une approche professionnalisante, le MBA Management G\u00e9n\u00e9ral pr\u00e9pare \u00e0 des fonctions de responsabilit\u00e9 et de Direction: Acqu\u00e9rir une vision globale et strat\u00e9gique de l\u2019entreprise Affirmer des comp\u00e9tences de leadership et de management pour diriger une activit\u00e9, une busi-ness unit, [&hellip;]","og_url":"https:\/\/imhotepacademy.ci\/index.php\/formation-mba\/","og_site_name":"Imhotep Academy","article_publisher":"https:\/\/web.facebook.com\/groupeecolesasp","article_modified_time":"2024-08-12T12:01:48+00:00","og_image":[{"width":1080,"height":407,"url":"https:\/\/imhotepacademy.ci\/wp-content\/uploads\/2023\/09\/WhatsApp-Image-2023-05-15-at-12.15.58.jpeg","type":"image\/jpeg"}],"twitter_card":"summary_large_image","twitter_misc":{"Dur\u00e9e de lecture estim\u00e9e":"3 minutes"},"schema":{"@context":"https:\/\/schema.org","@graph":[{"@type":"WebPage","@id":"https:\/\/imhotepacademy.ci\/index.php\/formation-mba\/","url":"https:\/\/imhotepacademy.ci\/index.php\/formation-mba\/","name":"Formation MBA - Imhotep Academy","isPartOf":{"@id":"https:\/\/imhotepacademy.ci\/#website"},"datePublished":"2024-03-02T21:43:53+00:00","dateModified":"2024-08-12T12:01:48+00:00","breadcrumb":{"@id":"https:\/\/imhotepacademy.ci\/index.php\/formation-mba\/#breadcrumb"},"inLanguage":"fr-FR","potentialAction":[{"@type":"ReadAction","target":["https:\/\/imhotepacademy.ci\/index.php\/formation-mba\/"]}]},{"@type":"BreadcrumbList","@id":"https:\/\/imhotepacademy.ci\/index.php\/formation-mba\/#breadcrumb","itemListElement":[{"@type":"ListItem","position":1,"name":"Accueil","item":"https:\/\/imhotepacademy.ci\/"},{"@type":"ListItem","position":2,"name":"Formation MBA"}]},{"@type":"WebSite","@id":"https:\/\/imhotepacademy.ci\/#website","url":"https:\/\/imhotepacademy.ci\/","name":"Imhotep Academy","description":"L&#039;\u00e9cole des employeurs de demain!","publisher":{"@id":"https:\/\/imhotepacademy.ci\/#organization"},"potentialAction":[{"@type":"SearchAction","target":{"@type":"EntryPoint","urlTemplate":"https:\/\/imhotepacademy.ci\/?s={search_term_string}"},"query-input":{"@type":"PropertyValueSpecification","valueRequired":true,"valueName":"search_term_string"}}],"inLanguage":"fr-FR"},{"@type":"Organization","@id":"https:\/\/imhotepacademy.ci\/#organization","name":"Imhotep Academy","url":"https:\/\/imhotepacademy.ci\/","logo":{"@type":"ImageObject","inLanguage":"fr-FR","@id":"https:\/\/imhotepacademy.ci\/#\/schema\/logo\/image\/","url":"https:\/\/imhotepacademy.ci\/wp-content\/uploads\/2024\/07\/LOGO-IMHOASPCI.png","contentUrl":"https:\/\/imhotepacademy.ci\/wp-content\/uploads\/2024\/07\/LOGO-IMHOASPCI.png","width":2664,"height":972,"caption":"Imhotep Academy"},"image":{"@id":"https:\/\/imhotepacademy.ci\/#\/schema\/logo\/image\/"},"sameAs":["https:\/\/web.facebook.com\/groupeecolesasp"]}]}},"_links":{"self":[{"href":"https:\/\/imhotepacademy.ci\/index.php\/wp-json\/wp\/v2\/pages\/550","targetHints":{"allow":["GET"]}}],"collection":[{"href":"https:\/\/imhotepacademy.ci\/index.php\/wp-json\/wp\/v2\/pages"}],"about":[{"href":"https:\/\/imhotepacademy.ci\/index.php\/wp-json\/wp\/v2\/types\/page"}],"author":[{"embeddable":true,"href":"https:\/\/imhotepacademy.ci\/index.php\/wp-json\/wp\/v2\/users\/1"}],"replies":[{"embeddable":true,"href":"https:\/\/imhotepacademy.ci\/index.php\/wp-json\/wp\/v2\/comments?post=550"}],"version-history":[{"count":40,"href":"https:\/\/imhotepacademy.ci\/index.php\/wp-json\/wp\/v2\/pages\/550\/revisions"}],"predecessor-version":[{"id":754,"href":"https:\/\/imhotepacademy.ci\/index.php\/wp-json\/wp\/v2\/pages\/550\/revisions\/754"}],"wp:attachment":[{"href":"https:\/\/imhotepacademy.ci\/index.php\/wp-json\/wp\/v2\/media?parent=550"}],"curies":[{"name":"wp","href":"https:\/\/api.w.org\/{rel}","templated":true}]}}