{"id":453,"date":"2023-10-27T14:41:12","date_gmt":"2023-10-27T14:41:12","guid":{"rendered":"https:\/\/imhotepacademy.ci\/?page_id=453"},"modified":"2024-07-22T22:38:06","modified_gmt":"2024-07-22T22:38:06","slug":"se-preinscrire","status":"publish","type":"page","link":"https:\/\/imhotepacademy.ci\/index.php\/se-preinscrire\/","title":{"rendered":"Se preinscrire"},"content":{"rendered":"\t\t<div data-elementor-type=\"wp-page\" data-elementor-id=\"453\" class=\"elementor elementor-453\">\n\t\t\t\t<div class=\"elementor-element elementor-element-6130a1d e-flex e-con-boxed e-con e-parent\" data-id=\"6130a1d\" data-element_type=\"container\" data-e-type=\"container\">\n\t\t\t\t\t<div class=\"e-con-inner\">\n\t\t\t\t<div class=\"elementor-element elementor-element-84d460b elementor-widget elementor-widget-heading\" data-id=\"84d460b\" data-element_type=\"widget\" data-e-type=\"widget\" data-widget_type=\"heading.default\">\n\t\t\t\t<div class=\"elementor-widget-container\">\n\t\t\t\t\t<h3 class=\"elementor-heading-title elementor-size-default\">Veuillez renseigner les diff\u00e9rents champs ci-dessous pour vous pr\u00e9inscrire.<\/h3>\t\t\t\t<\/div>\n\t\t\t\t<\/div>\n\t\t\t\t<div class=\"elementor-element elementor-element-b07b39a elementor-widget elementor-widget-text-editor\" data-id=\"b07b39a\" data-element_type=\"widget\" data-e-type=\"widget\" data-widget_type=\"text-editor.default\">\n\t\t\t\t<div class=\"elementor-widget-container\">\n\t\t\t\t\t\t\t\t\t<p><strong><em>Les champs marqu\u00e9s en ast\u00e9risk (*) sont obligatoires.<\/em><\/strong><\/p>\t\t\t\t\t\t\t\t<\/div>\n\t\t\t\t<\/div>\n\t\t\t\t<div class=\"elementor-element elementor-element-48b644c elementor-widget elementor-widget-shortcode\" data-id=\"48b644c\" data-element_type=\"widget\" data-e-type=\"widget\" data-widget_type=\"shortcode.default\">\n\t\t\t\t<div class=\"elementor-widget-container\">\n\t\t\t\t\t\t\t<div class=\"elementor-shortcode\"><div class=\"forminator-ui forminator-custom-form forminator-custom-form-451 forminator-design--default  forminator_ajax\" data-forminator-render=\"0\" data-form=\"forminator-module-451\" data-uid=\"6a005c4f8b409\"><br\/><\/div><form\n\t\t\t\tid=\"forminator-module-451\"\n\t\t\t\tclass=\"forminator-ui forminator-custom-form forminator-custom-form-451 forminator-design--default  forminator_ajax\"\n\t\t\t\tmethod=\"post\"\n\t\t\t\tdata-forminator-render=\"0\"\n\t\t\t\tdata-form-id=\"451\"\n\t\t\t\t data-color-option=\"default\" data-design=\"default\" data-grid=\"open\" style=\"display: none;\"\n\t\t\t\tdata-uid=\"6a005c4f8b409\"\n\t\t\t><div role=\"alert\" aria-live=\"polite\" class=\"forminator-response-message forminator-error\" aria-hidden=\"true\"><\/div><div class=\"forminator-row\"><div id=\"name-1\" class=\"forminator-field-name forminator-col forminator-col-12 \"><div class=\"forminator-field\"><label for=\"forminator-field-name-1_6a005c4f8b409\" id=\"forminator-field-name-1_6a005c4f8b409-label\" class=\"forminator-label\">Nom et Pr\u00e9noms <span class=\"forminator-required\">*<\/span><\/label><input type=\"text\" name=\"name-1\" value=\"\" placeholder=\"\" id=\"forminator-field-name-1_6a005c4f8b409\" class=\"forminator-input forminator-name--field\" aria-required=\"true\" autocomplete=\"name\" \/><\/div><\/div><\/div><div class=\"forminator-row\"><div id=\"radio-1\" class=\"forminator-field-radio forminator-col forminator-col-6 \"><div role=\"radiogroup\" class=\"forminator-field\" aria-labelledby=\"forminator-radiogroup-radio-1-6a005c4f8b409-label\"><span id=\"forminator-radiogroup-radio-1-6a005c4f8b409-label\" class=\"forminator-label\">Etes-vous affect\u00e9 d&#039;\u00e9tat? <span class=\"forminator-required\">*<\/span><\/span><label id=\"forminator-field-radio-1-label-1\" for=\"forminator-field-radio-1-1-6a005c4f8b409\" class=\"forminator-radio forminator-radio-inline\" title=\"oui\"><input type=\"radio\" name=\"radio-1\" value=\"oui\" id=\"forminator-field-radio-1-1-6a005c4f8b409\" aria-labelledby=\"forminator-field-radio-1-label-1\" data-calculation=\"0\"  \/><span class=\"forminator-radio-bullet\" aria-hidden=\"true\"><\/span><span class=\"forminator-radio-label\">oui<\/span><\/label><label id=\"forminator-field-radio-1-label-2\" for=\"forminator-field-radio-1-2-6a005c4f8b409\" class=\"forminator-radio forminator-radio-inline\" title=\"non\"><input type=\"radio\" name=\"radio-1\" value=\"non\" id=\"forminator-field-radio-1-2-6a005c4f8b409\" aria-labelledby=\"forminator-field-radio-1-label-2\" data-calculation=\"0\"  \/><span class=\"forminator-radio-bullet\" aria-hidden=\"true\"><\/span><span class=\"forminator-radio-label\">non<\/span><\/label><\/div><\/div><div id=\"email-1\" class=\"forminator-field-email forminator-col forminator-col-6 \"><div class=\"forminator-field\"><label for=\"forminator-field-email-1_6a005c4f8b409\" id=\"forminator-field-email-1_6a005c4f8b409-label\" class=\"forminator-label\">Adresse de messagerie<\/label><input type=\"email\" name=\"email-1\" value=\"\" placeholder=\"Par exemple\u00a0: jacques@martin.com\" id=\"forminator-field-email-1_6a005c4f8b409\" class=\"forminator-input forminator-email--field\" data-required=\"\" aria-required=\"false\" autocomplete=\"email\" \/><\/div><\/div><\/div><div class=\"forminator-row\"><div id=\"phone-1\" class=\"forminator-field-phone forminator-col forminator-col-12 \"><div class=\"forminator-field\"><label for=\"forminator-field-phone-1_6a005c4f8b409\" id=\"forminator-field-phone-1_6a005c4f8b409-label\" class=\"forminator-label\">T\u00e9l\u00e9phone <span class=\"forminator-required\">*<\/span><\/label><input type=\"text\" name=\"phone-1\" value=\"\" placeholder=\"ex\u00a0: +225 0757255510\" id=\"forminator-field-phone-1_6a005c4f8b409\" class=\"forminator-input forminator-field--phone\" data-required=\"1\" aria-required=\"true\" autocomplete=\"off\" \/><\/div><\/div><\/div><div class=\"forminator-row\"><div id=\"name-2\" class=\"forminator-field-name forminator-col forminator-col-6 \"><div class=\"forminator-field\"><label for=\"forminator-field-name-2_6a005c4f8b409\" id=\"forminator-field-name-2_6a005c4f8b409-label\" class=\"forminator-label\">Nationnalit\u00e9 <span class=\"forminator-required\">*<\/span><\/label><input type=\"text\" name=\"name-2\" value=\"\" placeholder=\"Exemple\u00a0: Ivoirienne\" id=\"forminator-field-name-2_6a005c4f8b409\" class=\"forminator-input forminator-name--field\" aria-required=\"true\" autocomplete=\"name\" \/><\/div><\/div><div id=\"name-3\" class=\"forminator-field-name forminator-col forminator-col-6 \"><div class=\"forminator-field\"><label for=\"forminator-field-name-3_6a005c4f8b409\" id=\"forminator-field-name-3_6a005c4f8b409-label\" class=\"forminator-label\">Niveau d&#039;\u00e9tudes <span class=\"forminator-required\">*<\/span><\/label><input type=\"text\" name=\"name-3\" value=\"\" placeholder=\"Par exemple\u00a0: BAC+1\" id=\"forminator-field-name-3_6a005c4f8b409\" class=\"forminator-input forminator-name--field\" aria-required=\"true\" autocomplete=\"name\" \/><\/div><\/div><\/div><div class=\"forminator-row\"><div id=\"select-2\" class=\"forminator-field-select forminator-col forminator-col-12 \"><div class=\"forminator-field\"><label for=\"forminator-form-451__field--select-2_6a005c4f8b409\" id=\"forminator-form-451__field--select-2_6a005c4f8b409-label\" class=\"forminator-label\">Niveau de formation <span class=\"forminator-required\">*<\/span><\/label><select  id=\"forminator-form-451__field--select-2_6a005c4f8b409\" class=\"forminator-select--field forminator-select2 forminator-select2-multiple\" data-required=\"1\" name=\"select-2\" data-default-value=\"1\u00e8re-ann\u00e9e-bts\" data-placeholder=\"Merci de choisir une option\" data-search=\"false\" data-search-placeholder=\"Merci de choisir une option\" data-checkbox=\"false\" data-allow-clear=\"false\" aria-labelledby=\"forminator-form-451__field--select-2_6a005c4f8b409-label\" aria-describedby=\"forminator-form-451__field--select-2_6a005c4f8b409-description\"><option value=\"\"  >Merci de choisir une option<\/option><option value=\"1\u00e8re-ann\u00e9e-bts\" selected=\"selected\" data-calculation=\"0\">1\u00e8re Ann\u00e9e BTS<\/option><option value=\"2\u00e8me-ann\u00e9e-bts\"  data-calculation=\"0\">2\u00e8me ann\u00e9e BTS<\/option><\/select><span id=\"forminator-form-451__field--select-2_6a005c4f8b409-description\" class=\"forminator-description\">Choisir le niveau de formation<\/span><\/div><\/div><\/div><div class=\"forminator-row\"><div id=\"name-4\" class=\"forminator-field-name forminator-col forminator-col-12 \"><div class=\"forminator-field\"><label for=\"forminator-field-name-4_6a005c4f8b409\" id=\"forminator-field-name-4_6a005c4f8b409-label\" class=\"forminator-label\">Fili\u00e8re souhait\u00e9e <span class=\"forminator-required\">*<\/span><\/label><input type=\"text\" name=\"name-4\" value=\"\" placeholder=\"Par exemple\u00a0: Ressources Humaines et Communication\" id=\"forminator-field-name-4_6a005c4f8b409\" class=\"forminator-input forminator-name--field\" aria-required=\"true\" autocomplete=\"name\" \/><\/div><\/div><\/div><div class=\"forminator-row\" style=\"margin: 0;\"><div id=\"captcha-1\" class=\"forminator-field-captcha  forminator-col-12 \"><div class=\"forminator-captcha-left forminator-g-recaptcha recaptcha-invisible\" data-theme=\"light\" data-badge=\"bottomright\" data-sitekey=\"6Lf39qspAAAAAJZVsIteDAr6Jg7LfnMA-k5q0Lqu\" data-size=\"invisible\"><\/div> <\/div><\/div><input type=\"hidden\" name=\"referer_url\" value=\"\" \/><div class=\"forminator-row forminator-row-last\"><div class=\"forminator-col\"><div class=\"forminator-field\"><button class=\"forminator-button forminator-button-submit\">Envoyez le formulaire<\/button><\/div><\/div><\/div><input type=\"hidden\" id=\"forminator_nonce\" name=\"forminator_nonce\" value=\"d6c06af055\" \/><input type=\"hidden\" name=\"_wp_http_referer\" value=\"\/index.php\/wp-json\/wp\/v2\/pages\/453\" \/><input type=\"hidden\" name=\"form_id\" value=\"451\"><input type=\"hidden\" name=\"page_id\" value=\"453\"><input type=\"hidden\" name=\"form_type\" value=\"default\"><input type=\"hidden\" name=\"current_url\" value=\"https:\/\/imhotepacademy.ci\/index.php\/se-preinscrire\/\"><input type=\"hidden\" name=\"render_id\" value=\"0\"><input type=\"hidden\" name=\"action\" value=\"forminator_submit_form_custom-forms\"><\/form><\/div>\n\t\t\t\t\t\t<\/div>\n\t\t\t\t<\/div>\n\t\t\t\t\t<\/div>\n\t\t\t\t<\/div>\n\t\t\t\t<\/div>\n\t\t","protected":false},"excerpt":{"rendered":"<p>Veuillez renseigner les diff\u00e9rents champs ci-dessous pour vous pr\u00e9inscrire. Les champs marqu\u00e9s en ast\u00e9risk (*) sont obligatoires.<\/p>\n","protected":false},"author":1,"featured_media":0,"parent":0,"menu_order":0,"comment_status":"closed","ping_status":"closed","template":"","meta":{"footnotes":""},"class_list":["post-453","page","type-page","status-publish","hentry"],"blocksy_meta":[],"yoast_head":"<!-- This site is optimized with the Yoast SEO plugin v27.5 - https:\/\/yoast.com\/product\/yoast-seo-wordpress\/ -->\n<title>Se preinscrire - Imhotep Academy<\/title>\n<meta name=\"robots\" content=\"index, follow, max-snippet:-1, max-image-preview:large, max-video-preview:-1\" \/>\n<link rel=\"canonical\" href=\"https:\/\/imhotepacademy.ci\/index.php\/se-preinscrire\/\" \/>\n<meta property=\"og:locale\" content=\"fr_FR\" \/>\n<meta property=\"og:type\" content=\"article\" \/>\n<meta property=\"og:title\" content=\"Se preinscrire - Imhotep Academy\" \/>\n<meta property=\"og:description\" content=\"Veuillez renseigner les diff\u00e9rents champs ci-dessous pour vous pr\u00e9inscrire. Les champs marqu\u00e9s en ast\u00e9risk (*) sont obligatoires.\" \/>\n<meta property=\"og:url\" content=\"https:\/\/imhotepacademy.ci\/index.php\/se-preinscrire\/\" \/>\n<meta property=\"og:site_name\" content=\"Imhotep Academy\" \/>\n<meta property=\"article:publisher\" content=\"https:\/\/web.facebook.com\/groupeecolesasp\" \/>\n<meta property=\"article:modified_time\" content=\"2024-07-22T22:38:06+00:00\" \/>\n<meta property=\"og:image\" content=\"https:\/\/imhotepacademy.ci\/wp-content\/uploads\/2023\/09\/WhatsApp-Image-2023-05-15-at-12.15.58.jpeg\" \/>\n\t<meta property=\"og:image:width\" content=\"1080\" \/>\n\t<meta property=\"og:image:height\" content=\"407\" \/>\n\t<meta property=\"og:image:type\" content=\"image\/jpeg\" \/>\n<meta name=\"twitter:card\" content=\"summary_large_image\" \/>\n<meta name=\"twitter:label1\" content=\"Dur\u00e9e de lecture estim\u00e9e\" \/>\n\t<meta name=\"twitter:data1\" content=\"1 minute\" \/>\n<script type=\"application\/ld+json\" class=\"yoast-schema-graph\">{\"@context\":\"https:\\\/\\\/schema.org\",\"@graph\":[{\"@type\":\"WebPage\",\"@id\":\"https:\\\/\\\/imhotepacademy.ci\\\/index.php\\\/se-preinscrire\\\/\",\"url\":\"https:\\\/\\\/imhotepacademy.ci\\\/index.php\\\/se-preinscrire\\\/\",\"name\":\"Se preinscrire - Imhotep Academy\",\"isPartOf\":{\"@id\":\"https:\\\/\\\/imhotepacademy.ci\\\/#website\"},\"datePublished\":\"2023-10-27T14:41:12+00:00\",\"dateModified\":\"2024-07-22T22:38:06+00:00\",\"breadcrumb\":{\"@id\":\"https:\\\/\\\/imhotepacademy.ci\\\/index.php\\\/se-preinscrire\\\/#breadcrumb\"},\"inLanguage\":\"fr-FR\",\"potentialAction\":[{\"@type\":\"ReadAction\",\"target\":[\"https:\\\/\\\/imhotepacademy.ci\\\/index.php\\\/se-preinscrire\\\/\"]}]},{\"@type\":\"BreadcrumbList\",\"@id\":\"https:\\\/\\\/imhotepacademy.ci\\\/index.php\\\/se-preinscrire\\\/#breadcrumb\",\"itemListElement\":[{\"@type\":\"ListItem\",\"position\":1,\"name\":\"Accueil\",\"item\":\"https:\\\/\\\/imhotepacademy.ci\\\/\"},{\"@type\":\"ListItem\",\"position\":2,\"name\":\"Se preinscrire\"}]},{\"@type\":\"WebSite\",\"@id\":\"https:\\\/\\\/imhotepacademy.ci\\\/#website\",\"url\":\"https:\\\/\\\/imhotepacademy.ci\\\/\",\"name\":\"Imhotep Academy\",\"description\":\"L&#039;\u00e9cole des employeurs de demain!\",\"publisher\":{\"@id\":\"https:\\\/\\\/imhotepacademy.ci\\\/#organization\"},\"potentialAction\":[{\"@type\":\"SearchAction\",\"target\":{\"@type\":\"EntryPoint\",\"urlTemplate\":\"https:\\\/\\\/imhotepacademy.ci\\\/?s={search_term_string}\"},\"query-input\":{\"@type\":\"PropertyValueSpecification\",\"valueRequired\":true,\"valueName\":\"search_term_string\"}}],\"inLanguage\":\"fr-FR\"},{\"@type\":\"Organization\",\"@id\":\"https:\\\/\\\/imhotepacademy.ci\\\/#organization\",\"name\":\"Imhotep Academy\",\"url\":\"https:\\\/\\\/imhotepacademy.ci\\\/\",\"logo\":{\"@type\":\"ImageObject\",\"inLanguage\":\"fr-FR\",\"@id\":\"https:\\\/\\\/imhotepacademy.ci\\\/#\\\/schema\\\/logo\\\/image\\\/\",\"url\":\"https:\\\/\\\/imhotepacademy.ci\\\/wp-content\\\/uploads\\\/2024\\\/07\\\/LOGO-IMHOASPCI.png\",\"contentUrl\":\"https:\\\/\\\/imhotepacademy.ci\\\/wp-content\\\/uploads\\\/2024\\\/07\\\/LOGO-IMHOASPCI.png\",\"width\":2664,\"height\":972,\"caption\":\"Imhotep Academy\"},\"image\":{\"@id\":\"https:\\\/\\\/imhotepacademy.ci\\\/#\\\/schema\\\/logo\\\/image\\\/\"},\"sameAs\":[\"https:\\\/\\\/web.facebook.com\\\/groupeecolesasp\"]}]}<\/script>\n<!-- \/ Yoast SEO plugin. -->","yoast_head_json":{"title":"Se preinscrire - Imhotep Academy","robots":{"index":"index","follow":"follow","max-snippet":"max-snippet:-1","max-image-preview":"max-image-preview:large","max-video-preview":"max-video-preview:-1"},"canonical":"https:\/\/imhotepacademy.ci\/index.php\/se-preinscrire\/","og_locale":"fr_FR","og_type":"article","og_title":"Se preinscrire - Imhotep Academy","og_description":"Veuillez renseigner les diff\u00e9rents champs ci-dessous pour vous pr\u00e9inscrire. Les champs marqu\u00e9s en ast\u00e9risk (*) sont obligatoires.","og_url":"https:\/\/imhotepacademy.ci\/index.php\/se-preinscrire\/","og_site_name":"Imhotep Academy","article_publisher":"https:\/\/web.facebook.com\/groupeecolesasp","article_modified_time":"2024-07-22T22:38:06+00:00","og_image":[{"width":1080,"height":407,"url":"https:\/\/imhotepacademy.ci\/wp-content\/uploads\/2023\/09\/WhatsApp-Image-2023-05-15-at-12.15.58.jpeg","type":"image\/jpeg"}],"twitter_card":"summary_large_image","twitter_misc":{"Dur\u00e9e de lecture estim\u00e9e":"1 minute"},"schema":{"@context":"https:\/\/schema.org","@graph":[{"@type":"WebPage","@id":"https:\/\/imhotepacademy.ci\/index.php\/se-preinscrire\/","url":"https:\/\/imhotepacademy.ci\/index.php\/se-preinscrire\/","name":"Se preinscrire - Imhotep Academy","isPartOf":{"@id":"https:\/\/imhotepacademy.ci\/#website"},"datePublished":"2023-10-27T14:41:12+00:00","dateModified":"2024-07-22T22:38:06+00:00","breadcrumb":{"@id":"https:\/\/imhotepacademy.ci\/index.php\/se-preinscrire\/#breadcrumb"},"inLanguage":"fr-FR","potentialAction":[{"@type":"ReadAction","target":["https:\/\/imhotepacademy.ci\/index.php\/se-preinscrire\/"]}]},{"@type":"BreadcrumbList","@id":"https:\/\/imhotepacademy.ci\/index.php\/se-preinscrire\/#breadcrumb","itemListElement":[{"@type":"ListItem","position":1,"name":"Accueil","item":"https:\/\/imhotepacademy.ci\/"},{"@type":"ListItem","position":2,"name":"Se preinscrire"}]},{"@type":"WebSite","@id":"https:\/\/imhotepacademy.ci\/#website","url":"https:\/\/imhotepacademy.ci\/","name":"Imhotep Academy","description":"L&#039;\u00e9cole des employeurs de demain!","publisher":{"@id":"https:\/\/imhotepacademy.ci\/#organization"},"potentialAction":[{"@type":"SearchAction","target":{"@type":"EntryPoint","urlTemplate":"https:\/\/imhotepacademy.ci\/?s={search_term_string}"},"query-input":{"@type":"PropertyValueSpecification","valueRequired":true,"valueName":"search_term_string"}}],"inLanguage":"fr-FR"},{"@type":"Organization","@id":"https:\/\/imhotepacademy.ci\/#organization","name":"Imhotep Academy","url":"https:\/\/imhotepacademy.ci\/","logo":{"@type":"ImageObject","inLanguage":"fr-FR","@id":"https:\/\/imhotepacademy.ci\/#\/schema\/logo\/image\/","url":"https:\/\/imhotepacademy.ci\/wp-content\/uploads\/2024\/07\/LOGO-IMHOASPCI.png","contentUrl":"https:\/\/imhotepacademy.ci\/wp-content\/uploads\/2024\/07\/LOGO-IMHOASPCI.png","width":2664,"height":972,"caption":"Imhotep Academy"},"image":{"@id":"https:\/\/imhotepacademy.ci\/#\/schema\/logo\/image\/"},"sameAs":["https:\/\/web.facebook.com\/groupeecolesasp"]}]}},"_links":{"self":[{"href":"https:\/\/imhotepacademy.ci\/index.php\/wp-json\/wp\/v2\/pages\/453","targetHints":{"allow":["GET"]}}],"collection":[{"href":"https:\/\/imhotepacademy.ci\/index.php\/wp-json\/wp\/v2\/pages"}],"about":[{"href":"https:\/\/imhotepacademy.ci\/index.php\/wp-json\/wp\/v2\/types\/page"}],"author":[{"embeddable":true,"href":"https:\/\/imhotepacademy.ci\/index.php\/wp-json\/wp\/v2\/users\/1"}],"replies":[{"embeddable":true,"href":"https:\/\/imhotepacademy.ci\/index.php\/wp-json\/wp\/v2\/comments?post=453"}],"version-history":[{"count":7,"href":"https:\/\/imhotepacademy.ci\/index.php\/wp-json\/wp\/v2\/pages\/453\/revisions"}],"predecessor-version":[{"id":662,"href":"https:\/\/imhotepacademy.ci\/index.php\/wp-json\/wp\/v2\/pages\/453\/revisions\/662"}],"wp:attachment":[{"href":"https:\/\/imhotepacademy.ci\/index.php\/wp-json\/wp\/v2\/media?parent=453"}],"curies":[{"name":"wp","href":"https:\/\/api.w.org\/{rel}","templated":true}]}}